{"id":773,"date":"2025-07-19T02:44:52","date_gmt":"2025-07-19T02:44:52","guid":{"rendered":"https:\/\/jumpropewholesale.com\/?page_id=773"},"modified":"2025-07-19T02:44:52","modified_gmt":"2025-07-19T02:44:52","slug":"jump-rope-faqs","status":"publish","type":"page","link":"https:\/\/jumpropewholesale.com\/fr\/jump-rope-faqs\/","title":{"rendered":"Foire aux questions (FAQ)"},"content":{"rendered":"<p>Bienvenue sur la page FAQ de JumpRopeWholesale ! Ici, nous r\u00e9pondons aux questions courantes concernant nos produits, l'exp\u00e9dition, les options de personnalisation, et plus encore. Si vous ne trouvez pas les informations dont vous avez besoin, veuillez nous contacter \u00e0 <strong>+86 188 5812 6258<\/strong> ou nous envoyer un courriel \u00e0 <strong><a href=\"mailto:plevalofficial@gmail.com\" target=\"_blank\" rel=\"noreferrer noopener\">plevalofficial@gmail.com <\/a><\/strong>.<\/p>\n\n\n\n<h2 class=\"wp-block-heading\">FAQ g\u00e9n\u00e9rale<\/h2>\n\n\n\n<p><strong>Qu'est-ce que JumpRopeWholesale ?<\/strong><br>JumpRopeWholesale est un fournisseur leader de cordes \u00e0 sauter de haute qualit\u00e9, durables et personnalisables. Fond\u00e9e par des passionn\u00e9s de fitness, nous offrons des prix direct usine aux salles de sport, aux \u00e9coles, aux marques de fitness et aux revendeurs dans le monde entier. Notre mission est de fournir des solutions de corde \u00e0 sauter innovantes qui am\u00e9liorent les exp\u00e9riences de fitness \u00e0 l'\u00e9chelle mondiale.<\/p>\n\n\n\n<p><strong>Des pi\u00e8ces de rechange sont-elles disponibles pour vos cordes \u00e0 sauter ?<\/strong><br>Oui, des pi\u00e8ces de rechange telles que des poign\u00e9es, des c\u00e2bles ou des roulements sont disponibles pour la plupart de nos mod\u00e8les de cordes \u00e0 sauter. Veuillez contacter notre service client \u00e0 <strong>+86 188 5812 6258<\/strong> or <strong><a href=\"mailto:plevalofficial@gmail.com\" target=\"_blank\" rel=\"noreferrer noopener\">plevalofficial@gmail.com <\/a><\/strong>pour obtenir de l'aide.<\/p>\n\n\n\n<p><strong>Facturez-vous la TVA ?<\/strong><br>La TVA n'est appliqu\u00e9e qu'aux commandes exp\u00e9di\u00e9es en France, comme l'exigent les r\u00e9glementations locales. Pour les commandes internationales, vous pourriez \u00eatre responsable des droits de douane ou des taxes impos\u00e9es par votre pays.<\/p>\n\n\n\n<p><strong>Ma transaction est-elle s\u00e9curis\u00e9e ?<\/strong><br>Absolument. Notre site web utilise un cryptage standard de l'industrie pour garantir la s\u00e9curit\u00e9 de toutes les transactions. Vos informations de paiement sont prot\u00e9g\u00e9es et nous ne stockons jamais de donn\u00e9es sensibles.<\/p>\n\n\n\n<p><strong>Quelle est votre politique de retour et de remboursement ?<\/strong><br>Nous voulons que vous soyez enti\u00e8rement satisfait de votre achat. Si vous n'\u00eates pas satisfait de vos cordes \u00e0 sauter, vous pouvez les retourner dans les 30 jours suivant la livraison, \u00e0 condition qu'elles soient inutilis\u00e9es et dans leur emballage d'origine. Contactez-nous \u00e0 <strong><a href=\"mailto:plevalofficial@gmail.com\" target=\"_blank\" rel=\"noreferrer noopener\">plevalofficial@gmail.com <\/a><\/strong>pour initier un retour. Les remboursements seront trait\u00e9s dans un d\u00e9lai de 5 \u00e0 7 jours ouvrables apr\u00e8s la r\u00e9ception des articles retourn\u00e9s. Notez que les frais d'exp\u00e9dition ne sont pas remboursables, et les clients sont responsables de l'exp\u00e9dition de retour sauf si le produit est d\u00e9fectueux.<\/p>\n\n\n\n<p><strong>Vos produits sont-ils respectueux de l'environnement ?<\/strong><br>Oui, nous nous engageons en faveur de la durabilit\u00e9. Nos cordes \u00e0 sauter sont fabriqu\u00e9es avec des mat\u00e9riaux durables et de haute qualit\u00e9 con\u00e7us pour durer, r\u00e9duisant ainsi les d\u00e9chets. Nous utilisons \u00e9galement des mat\u00e9riaux d'emballage \u00e9cologiques chaque fois que possible et travaillons avec des fournisseurs qui privil\u00e9gient les pratiques durables.<\/p>\n\n\n\n<p><strong>Puis-je vous contacter pour obtenir de l'aide ?<\/strong><br>Bien s\u00fbr ! Contactez-nous \u00e0 <strong>+86 188 5812 6258<\/strong> or <strong><a href=\"mailto:plevalofficial@gmail.com\" target=\"_blank\" rel=\"noreferrer noopener\">plevalofficial@gmail.com <\/a><\/strong>. Nous sommes l\u00e0 pour vous aider avec toutes vos questions sur nos produits, commandes ou options de personnalisation.<\/p>\n\n\n\n<h2 class=\"wp-block-heading\">FAQ sur la livraison<\/h2>\n\n\n\n<p><strong>Exp\u00e9diez-vous dans le monde entier ?<\/strong><br>Oui, nous livrons partout dans le monde. <strong>France et dans le monde entier<\/strong>Il suffit de fournir votre adresse de livraison au moment du paiement, et nous vous livrerons votre commande, peu importe o\u00f9 vous vous trouvez.<\/p>\n\n\n\n<p><strong>Combien de temps faut-il pour que ma commande soit exp\u00e9di\u00e9e ?<\/strong><br>Les commandes sont trait\u00e9es et exp\u00e9di\u00e9es dans un d\u00e9lai de <strong>1 \u00e0 2 jours ouvrables<\/strong> depuis notre usine situ\u00e9e \u00e0 Hangzhou, en Chine. Nous privil\u00e9gions les m\u00e9thodes d'exp\u00e9dition les plus rapides afin de garantir une livraison rapide.<\/p>\n\n\n\n<p><strong>Quels sont les modes de livraison que vous proposez ?<\/strong><br>Nous proposons des options de livraison <strong>standard<\/strong> et <strong>express<\/strong> . L'exp\u00e9dition express est disponible pour les clients qui ont besoin de leurs cordes \u00e0 sauter de toute urgence. Vous pouvez s\u00e9lectionner votre mode de livraison pr\u00e9f\u00e9r\u00e9 lors du paiement.<\/p>\n\n\n\n<p><strong>Combien de temps faudra-t-il pour que je re\u00e7oive ma commande ?<\/strong><br>Les d\u00e9lais de livraison varient en fonction de votre localisation et du mode de livraison choisi. La livraison standard prend g\u00e9n\u00e9ralement <strong>5 \u00e0 15 jours ouvrables<\/strong>, tandis que la livraison express peut prendre <strong>3 \u00e0 7 jours ouvrables<\/strong>. Veuillez noter que les commandes internationales peuvent \u00eatre soumises au traitement des douanes, ce qui peut ajouter quelques jours suppl\u00e9mentaires.<\/p>\n\n\n\n<p><strong>Fournissez-vous des informations de suivi ?<\/strong><br>Oui, une fois votre commande exp\u00e9di\u00e9e, vous recevrez un num\u00e9ro de suivi par e-mail. Vous pouvez l'utiliser pour suivre la progression de votre colis.<\/p>\n\n\n\n<p><strong>Y a-t-il des co\u00fbts suppl\u00e9mentaires pour les exp\u00e9ditions internationales ?<\/strong><br>Les frais de port sont calcul\u00e9s lors du paiement en fonction de votre emplacement et de la m\u00e9thode choisie. Les clients en France peuvent \u00eatre redevables de droits de douane, taxes ou frais, qui varient selon le pays. Ceux-ci ne sont pas inclus dans nos frais d'exp\u00e9dition et sont \u00e0 la charge du destinataire.<\/p>\n\n\n\n<h2 class=\"wp-block-heading\">FAQ sur les produits<\/h2>\n\n\n\n<p><strong>Qu'est-ce qui rend vos cordes \u00e0 sauter diff\u00e9rentes ?<\/strong><br>Nos cordes \u00e0 sauter sont con\u00e7ues dans un souci de durabilit\u00e9 et de performance. Fabriqu\u00e9es \u00e0 partir de mat\u00e9riaux de haute qualit\u00e9, elles sont dot\u00e9es d'options personnalisables telles que des longueurs r\u00e9glables, des poign\u00e9es ergonomiques et diff\u00e9rents types de c\u00e2bles pour s'adapter \u00e0 diff\u00e9rents niveaux de forme physique et styles d'entra\u00eenement. Notre mod\u00e8le de vente directe d'usine garantit des prix comp\u00e9titifs sans compromettre la qualit\u00e9.<\/p>\n\n\n\n<p><strong>Vos cordes \u00e0 sauter conviennent-elles \u00e0 tous les niveaux de forme physique ?<\/strong><br>Oui, nous proposons des cordes \u00e0 sauter pour les d\u00e9butants, les utilisateurs interm\u00e9diaires et les athl\u00e8tes professionnels. Nos conceptions r\u00e9glables vous permettent d'adapter la longueur de la corde et le poids du c\u00e2ble \u00e0 votre niveau de comp\u00e9tence et \u00e0 vos objectifs d'entra\u00eenement.<\/p>\n\n\n\n<p><strong>Puis-je utiliser vos cordes \u00e0 sauter pour diff\u00e9rents types d'entra\u00eenement ?<\/strong><br>Absolument. Nos cordes \u00e0 sauter sont polyvalentes et id\u00e9ales pour le cardio, le HIIT, le CrossFit, la boxe et l'entra\u00eenement physique g\u00e9n\u00e9ral. Nous proposons des options telles que des cordes de vitesse pour des rotations rapides et des cordes lest\u00e9es pour une r\u00e9sistance accrue.<\/p>\n\n\n\n<p><strong>Comment entretenir ma corde \u00e0 sauter ?<\/strong><br>Pour maintenir les performances de votre corde \u00e0 sauter :<\/p>\n\n\n\n<ul class=\"wp-block-list\">\n<li>Rangez-la dans un endroit frais et sec, en \u00e9vitant les temp\u00e9ratures extr\u00eames.<\/li>\n\n\n\n<li>Nettoyez les poign\u00e9es avec un chiffon humide pour enlever la sueur ou la salet\u00e9.<\/li>\n\n\n\n<li>V\u00e9rifiez r\u00e9guli\u00e8rement les c\u00e2bles pour l'usure et remplacez-les s'ils sont effiloch\u00e9s.<\/li>\n\n\n\n<li>\u00c9vitez d'utiliser la corde sur des surfaces abrasives comme le b\u00e9ton pour \u00e9viter d'endommager le c\u00e2ble.<\/li>\n<\/ul>\n\n\n\n<p><strong>Que dois-je faire si ma corde \u00e0 sauter est endommag\u00e9e ?<\/strong><br>Si votre corde \u00e0 sauter arrive endommag\u00e9e ou devient d\u00e9fectueuse pendant la p\u00e9riode de garantie (1 an \u00e0 compter de l'achat), contactez-nous au <strong><a href=\"mailto:plevalofficial@gmail.com\" target=\"_blank\" rel=\"noreferrer noopener\">plevalofficial@gmail.com <\/a><\/strong>or <strong>+86 188 5812 6258<\/strong>. Nous organiserons un remplacement ou une r\u00e9paration, selon le probl\u00e8me.<\/p>\n\n\n\n<p><strong>Vos cordes \u00e0 sauter conviennent-elles aux enfants ?<\/strong><br>Oui, nous proposons des cordes \u00e0 sauter l\u00e9g\u00e8res et r\u00e9glables, con\u00e7ues sp\u00e9cifiquement pour les enfants, parfaites pour les \u00e9coles ou les programmes de fitness jeunesse. Ces cordes sont s\u00fbres, durables et faciles \u00e0 utiliser. Assurez-vous toujours que les enfants sont sous la surveillance d'un adulte lorsqu'ils utilisent des cordes \u00e0 sauter.<\/p>\n\n\n\n<p><strong>Y a-t-il des allerg\u00e8nes dans vos produits ?<\/strong><br>Nos cordes \u00e0 sauter sont fabriqu\u00e9es \u00e0 partir de mat\u00e9riaux tels que le PVC, l'acier et le plastique, qui ne contiennent pas d'allerg\u00e8nes courants. Cependant, si vous avez des sensibilit\u00e9s sp\u00e9cifiques, veuillez nous contacter pour des informations d\u00e9taill\u00e9es sur les mat\u00e9riaux.<\/p>\n\n\n\n<h2 class=\"wp-block-heading\">FAQ sur la personnalisation<\/h2>\n\n\n\n<p><strong>Proposez-vous des cordes \u00e0 sauter personnalis\u00e9es ?<\/strong><br>Oui, nous sommes sp\u00e9cialis\u00e9s dans les cordes \u00e0 sauter personnalisables ! Vous pouvez personnaliser des aspects tels que la longueur du c\u00e2ble, la couleur des poign\u00e9es, le type de c\u00e2ble (par exemple, de vitesse, lest\u00e9 ou perl\u00e9), et m\u00eame ajouter votre logo ou votre marque pour les commandes en gros. Contactez-nous \u00e0 l'adresse suivante : <strong><a href=\"mailto:plevalofficial@gmail.com\" target=\"_blank\" rel=\"noreferrer noopener\">plevalofficial@gmail.com <\/a><\/strong>pour discuter de vos besoins en personnalisation.<\/p>\n\n\n\n<p><strong>Quelle est la quantit\u00e9 minimale de commande pour les cordes \u00e0 sauter personnalis\u00e9es ?<\/strong><br>La quantit\u00e9 minimale de commande pour les cordes \u00e0 sauter personnalis\u00e9es varie en fonction du niveau de personnalisation. En g\u00e9n\u00e9ral, nous exigeons un minimum de 100 unit\u00e9s pour la personnalisation du logo ou de la marque. Veuillez contacter notre \u00e9quipe pour un devis d\u00e9taill\u00e9.<\/p>\n\n\n\n<p><strong>Combien de temps faut-il pour produire des cordes \u00e0 sauter personnalis\u00e9es ?<\/strong><br>Les commandes personnalis\u00e9es prennent g\u00e9n\u00e9ralement <strong>7-14 jours ouvrables<\/strong> \u00e0 produire, en fonction de la complexit\u00e9 et de la taille de la commande. Le temps d'exp\u00e9dition est en sus et d\u00e9pend de votre emplacement et du mode de livraison choisi.<\/p>\n\n\n\n<p><strong>Puis-je commander des \u00e9chantillons de cordes \u00e0 sauter personnalis\u00e9es ?<\/strong><br>Oui, nous proposons la production d'\u00e9chantillons pour les conceptions personnalis\u00e9es. Les d\u00e9lais de production des \u00e9chantillons sont d'environ <strong>3-5 jours ouvrables<\/strong>, plus l'exp\u00e9dition. Contactez-nous pour organiser une commande d'\u00e9chantillons.<\/p>\n\n\n\n<p><strong>Fournissez-vous une assistance \u00e0 la conception pour les commandes personnalis\u00e9es ?<\/strong><br>Absolument. Notre \u00e9quipe peut vous aider \u00e0 concevoir vos cordes \u00e0 sauter personnalis\u00e9es, y compris le placement du logo et la s\u00e9lection des couleurs. Partagez vos id\u00e9es avec nous et nous vous aiderons \u00e0 concr\u00e9tiser votre vision.<\/p>\n\n\n\n<h2 class=\"wp-block-heading\">FAQ pour grossistes et revendeurs<\/h2>\n\n\n\n<p><strong>Offrez-vous des r\u00e9ductions pour les commandes en gros ?<\/strong><br>Oui, nous proposons des prix comp\u00e9titifs pour les commandes en gros, ce qui fait de nous un partenaire de confiance pour les salles de sport, les \u00e9coles et les revendeurs comme les vendeurs sur Amazon. Contactez-nous \u00e0 <strong><a href=\"mailto:plevalofficial@gmail.com\" target=\"_blank\" rel=\"noreferrer noopener\">plevalofficial@gmail.com <\/a><\/strong>pour un devis de gros adapt\u00e9 \u00e0 vos besoins.<\/p>\n\n\n\n<p><strong>Puis-je revendre vos cordes \u00e0 sauter sous ma marque ?<\/strong><br>Oui, nous proposons des options de marque blanche et de marque de distributeur pour les revendeurs. Vous pouvez vendre nos cordes \u00e0 sauter sous votre marque avec un emballage ou des logos personnalis\u00e9s. Contactez-nous pour discuter des conditions et des quantit\u00e9s minimales de commande.<\/p>\n\n\n\n<p><strong>Quelle est la garantie sur vos cordes \u00e0 sauter ?<\/strong><br>Nos cordes \u00e0 sauter sont assorties d'une <strong>garantie d'un an<\/strong> couvrant les d\u00e9fauts de fabrication. Elle ne couvre pas les dommages dus \u00e0 une mauvaise utilisation ou \u00e0 l'usure normale. Contactez-nous pour les r\u00e9clamations au titre de la garantie.<\/p>\n\n\n\n<p><strong>Comment puis-je devenir distributeur pour JumpRopeWholesale ?<\/strong><br>Nous cherchons toujours \u00e0 nous associer avec des distributeurs en France. Envoyez-nous un courriel \u00e0 <strong><a href=\"mailto:plevalofficial@gmail.com\" target=\"_blank\" rel=\"noreferrer noopener\">plevalofficial@gmail.com <\/a><\/strong>avec les d\u00e9tails de votre entreprise, et nous vous fournirons des informations sur notre programme de distribution, y compris les prix et les conditions.<\/p>","protected":false},"excerpt":{"rendered":"<p>Bienvenue sur la page FAQ de JumpRopeWholesale ! Ici, nous r\u00e9pondons aux questions courantes concernant nos produits, l'exp\u00e9dition, les options de personnalisation, et plus encore. Si \u2026<\/p>","protected":false},"author":2,"featured_media":0,"parent":0,"menu_order":0,"comment_status":"closed","ping_status":"closed","template":"","meta":{"site-sidebar-layout":"default","site-content-layout":"","ast-site-content-layout":"default","site-content-style":"default","site-sidebar-style":"default","ast-global-header-display":"","ast-banner-title-visibility":"","ast-main-header-display":"","ast-hfb-above-header-display":"","ast-hfb-below-header-display":"","ast-hfb-mobile-header-display":"","site-post-title":"","ast-breadcrumbs-content":"","ast-featured-img":"","footer-sml-layout":"","ast-disable-related-posts":"","theme-transparent-header-meta":"","adv-header-id-meta":"","stick-header-meta":"","header-above-stick-meta":"","header-main-stick-meta":"","header-below-stick-meta":"","astra-migrate-meta-layouts":"default","ast-page-background-enabled":"default","ast-page-background-meta":{"desktop":{"background-color":"var(--ast-global-color-5)","background-image":"","background-repeat":"repeat","background-position":"center center","background-size":"auto","background-attachment":"scroll","background-type":"","background-media":"","overlay-type":"","overlay-color":"","overlay-opacity":"","overlay-gradient":""},"tablet":{"background-color":"","background-image":"","background-repeat":"repeat","background-position":"center center","background-size":"auto","background-attachment":"scroll","background-type":"","background-media":"","overlay-type":"","overlay-color":"","overlay-opacity":"","overlay-gradient":""},"mobile":{"background-color":"","background-image":"","background-repeat":"repeat","background-position":"center center","background-size":"auto","background-attachment":"scroll","background-type":"","background-media":"","overlay-type":"","overlay-color":"","overlay-opacity":"","overlay-gradient":""}},"ast-content-background-meta":{"desktop":{"background-color":"var(--ast-global-color-4)","background-image":"","background-repeat":"repeat","background-position":"center center","background-size":"auto","background-attachment":"scroll","background-type":"","background-media":"","overlay-type":"","overlay-color":"","overlay-opacity":"","overlay-gradient":""},"tablet":{"background-color":"var(--ast-global-color-4)","background-image":"","background-repeat":"repeat","background-position":"center center","background-size":"auto","background-attachment":"scroll","background-type":"","background-media":"","overlay-type":"","overlay-color":"","overlay-opacity":"","overlay-gradient":""},"mobile":{"background-color":"var(--ast-global-color-4)","background-image":"","background-repeat":"repeat","background-position":"center center","background-size":"auto","background-attachment":"scroll","background-type":"","background-media":"","overlay-type":"","overlay-color":"","overlay-opacity":"","overlay-gradient":""}},"footnotes":""},"class_list":["post-773","page","type-page","status-publish","hentry"],"_links":{"self":[{"href":"https:\/\/jumpropewholesale.com\/fr\/wp-json\/wp\/v2\/pages\/773","targetHints":{"allow":["GET"]}}],"collection":[{"href":"https:\/\/jumpropewholesale.com\/fr\/wp-json\/wp\/v2\/pages"}],"about":[{"href":"https:\/\/jumpropewholesale.com\/fr\/wp-json\/wp\/v2\/types\/page"}],"author":[{"embeddable":true,"href":"https:\/\/jumpropewholesale.com\/fr\/wp-json\/wp\/v2\/users\/2"}],"replies":[{"embeddable":true,"href":"https:\/\/jumpropewholesale.com\/fr\/wp-json\/wp\/v2\/comments?post=773"}],"version-history":[{"count":1,"href":"https:\/\/jumpropewholesale.com\/fr\/wp-json\/wp\/v2\/pages\/773\/revisions"}],"predecessor-version":[{"id":774,"href":"https:\/\/jumpropewholesale.com\/fr\/wp-json\/wp\/v2\/pages\/773\/revisions\/774"}],"wp:attachment":[{"href":"https:\/\/jumpropewholesale.com\/fr\/wp-json\/wp\/v2\/media?parent=773"}],"curies":[{"name":"wp","href":"https:\/\/api.w.org\/{rel}","templated":true}]}}