{"id":769,"date":"2025-07-19T02:42:36","date_gmt":"2025-07-19T02:42:36","guid":{"rendered":"https:\/\/jumpropewholesale.com\/?page_id=769"},"modified":"2025-07-19T02:43:06","modified_gmt":"2025-07-19T02:43:06","slug":"use-care-of-jump-ropes","status":"publish","type":"page","link":"https:\/\/jumpropewholesale.com\/fr\/use-care-of-jump-ropes\/","title":{"rendered":"Utiliser"},"content":{"rendered":"<h2 class=\"wp-block-heading\">Utilisation<\/h2>\n\n\n\n<p>Merci d'avoir choisi JumpRopeWholesale ! Nos cordes \u00e0 sauter premium sont con\u00e7ues pour la durabilit\u00e9, la performance et la personnalisation afin d'am\u00e9liorer votre exp\u00e9rience de fitness. Avec une utilisation et un entretien appropri\u00e9s, votre corde \u00e0 sauter vous offrira des ann\u00e9es de performances fiables pour les entra\u00eenements, l'entra\u00eenement ou l'utilisation en comp\u00e9tition. Vous trouverez ci-dessous des instructions d\u00e9taill\u00e9es pour vous assurer de tirer le meilleur parti de votre produit JumpRopeWholesale.<\/p>\n\n\n\n<h2 class=\"wp-block-heading\">UTILISATION :<\/h2>\n\n\n\n<h3 class=\"wp-block-heading\">Premiers pas avec votre corde \u00e0 sauter<\/h3>\n\n\n\n<p>Avant d'utiliser votre corde \u00e0 sauter pour la premi\u00e8re fois, suivez ces \u00e9tapes pour garantir des performances optimales :<\/p>\n\n\n\n<ol start=\"1\" class=\"wp-block-list\">\n<li><strong>Inspectez votre corde \u00e0 sauter<\/strong>: V\u00e9rifiez l'absence de dommages visibles dus \u00e0 l'exp\u00e9dition. Assurez-vous que la corde, les poign\u00e9es et tous les composants r\u00e9glables sont intacts. Si vous constatez des probl\u00e8mes, veuillez contacter notre service client\u00e8le \u00e0 l'adresse <a href=\"mailto:plevalofficial@gmail.com\" target=\"_blank\" rel=\"noreferrer noopener\">plevalofficial@gmail.com <\/a>ou au +86 188 5812 6258.<\/li>\n\n\n\n<li><strong>Ajustez la longueur<\/strong>: La plupart des cordes \u00e0 sauter JumpRopeWholesale sont r\u00e9glables pour s'adapter \u00e0 votre taille et \u00e0 votre style de saut. Pour ajuster :\n<ul class=\"wp-block-list\">\n<li>Mesurez la corde en vous tenant debout sur son centre avec les deux pieds et en tirant les poign\u00e9es vers le haut. Les poign\u00e9es doivent atteindre approximativement vos aisselles.<\/li>\n\n\n\n<li>Suivez les instructions d'ajustement sp\u00e9cifiques incluses avec votre mod\u00e8le de corde \u00e0 sauter pour raccourcir ou allonger la corde au besoin.<\/li>\n<\/ul>\n<\/li>\n\n\n\n<li><strong>Testez la prise et la rotation<\/strong>: Assurez-vous que les poign\u00e9es sont confortables dans vos mains et que la corde tourne en douceur \u00e0 travers les roulements ou le m\u00e9canisme de pivotement.<\/li>\n<\/ol>\n\n\n\n<h3 class=\"wp-block-heading\">Utilisation de votre corde \u00e0 sauter<\/h3>\n\n\n\n<ul class=\"wp-block-list\">\n<li><strong>Surface<\/strong>: Utilisez votre corde \u00e0 sauter sur une surface lisse et plane comme un sol de salle de sport, un tapis de yoga ou une surface caoutchout\u00e9e pour minimiser l'usure de la corde. \u00c9vitez les surfaces rugueuses comme le b\u00e9ton ou l'asphalte, car celles-ci peuvent provoquer une effilochage pr\u00e9matur\u00e9 ou des dommages.<\/li>\n\n\n\n<li><strong>Technique<\/strong>: Maintenez une bonne forme pour maximiser les performances et \u00e9viter les tensions. Gardez vos coudes pr\u00e8s de votre corps, utilisez vos poignets pour faire tourner la corde et sautez l\u00e9g\u00e8rement sur la pointe de vos pieds.<\/li>\n\n\n\n<li><strong>Personnalisation<\/strong>: Si votre corde \u00e0 sauter comprend des poign\u00e9es lest\u00e9es ou des cordes interchangeables, essayez diff\u00e9rentes configurations pour s'adapter \u00e0 l'intensit\u00e9 ou au style de votre entra\u00eenement (par exemple, la vitesse, le freestyle ou l'entra\u00eenement d'endurance). Reportez-vous \u00e0 votre manuel du produit pour les options de personnalisation.<\/li>\n<\/ul>\n\n\n\n<h3 class=\"wp-block-heading\">Stockage<\/h3>\n\n\n\n<ul class=\"wp-block-list\">\n<li>Rangez votre corde \u00e0 sauter dans un endroit frais et sec, \u00e0 l'abri de la lumi\u00e8re directe du soleil ou des temp\u00e9ratures extr\u00eames pour pr\u00e9server l'int\u00e9grit\u00e9 du mat\u00e9riau de la corde et des composants des poign\u00e9es.<\/li>\n\n\n\n<li>Enroulez la corde sans la serrer pour \u00e9viter les n\u0153uds ou les dommages au c\u00e2ble. De nombreuses cordes \u00e0 sauter JumpRopeWholesale sont livr\u00e9es avec un sac de transport pour un rangement et une portabilit\u00e9 pratiques.<\/li>\n<\/ul>\n\n\n\n<h2 class=\"wp-block-heading\">ENTRETIEN :<\/h2>\n\n\n\n<h3 class=\"wp-block-heading\">Nettoyage de votre corde \u00e0 sauter<\/h3>\n\n\n\n<p>Pour conserver votre corde \u00e0 sauter en parfait \u00e9tat :<\/p>\n\n\n\n<ol start=\"1\" class=\"wp-block-list\">\n<li><strong>Essuyer apr\u00e8s utilisation<\/strong>: Utilisez un chiffon propre et humide pour essuyer les poign\u00e9es et la corde apr\u00e8s chaque s\u00e9ance afin d'\u00e9liminer la sueur, la salet\u00e9 ou les huiles. \u00c9vitez de tremper la corde ou les poign\u00e9es dans l'eau, car cela pourrait endommager les composants internes comme les roulements.<\/li>\n\n\n\n<li><strong>Nettoyage en profondeur<\/strong>: Pour un nettoyage en profondeur, utilisez une solution savonneuse douce et non abrasive sur un chiffon pour nettoyer d\u00e9licatement la corde et les poign\u00e9es. S\u00e9chez imm\u00e9diatement avec une serviette douce pour \u00e9viter l'accumulation d'humidit\u00e9.<\/li>\n\n\n\n<li><strong>Entretien des roulements<\/strong>: Si votre corde \u00e0 sauter est \u00e9quip\u00e9e de roulements, v\u00e9rifiez p\u00e9riodiquement la fluidit\u00e9 de la rotation. Si la rotation semble lente, une petite goutte de lubrifiant \u00e0 base de silicone (\u00e9vitez les lubrifiants \u00e0 base d'huile) peut \u00eatre appliqu\u00e9e sur le m\u00e9canisme du roulement. Suivez le manuel du produit pour obtenir des conseils.<\/li>\n<\/ol>\n\n\n\n<h3 class=\"wp-block-heading\">Conseils d'entretien g\u00e9n\u00e9raux<\/h3>\n\n\n\n<ul class=\"wp-block-list\">\n<li><strong>\u00c9viter les conditions extr\u00eames<\/strong>: N'exposez pas votre corde \u00e0 sauter \u00e0 une chaleur, un froid ou une humidit\u00e9 extr\u00eames, car cela pourrait affaiblir le mat\u00e9riau de la corde ou affecter l'adh\u00e9rence des poign\u00e9es.<\/li>\n\n\n\n<li><strong>V\u00e9rifier l'usure<\/strong>: Inspectez r\u00e9guli\u00e8rement la corde pour d\u00e9tecter des signes d'effilochage, surtout si elle est utilis\u00e9e fr\u00e9quemment sur des surfaces rugueuses. Remplacez la corde si elle pr\u00e9sente une usure importante pour garantir une utilisation s\u00fbre et efficace. Des cordes de remplacement sont disponibles sur <a href=\"https:\/\/jumpropewholesale.com\/fr\/\" target=\"_blank\" rel=\"noreferrer noopener\">https:\/\/jumpropewholesale.com\/ <\/a>.<\/li>\n\n\n\n<li><strong>Entretien des poign\u00e9es<\/strong>: Si votre corde \u00e0 sauter a des poign\u00e9es en mousse ou en caoutchouc, \u00e9vitez une exposition prolong\u00e9e \u00e0 l'humidit\u00e9 pour \u00e9viter leur d\u00e9gradation. Nettoyez et s\u00e9chez soigneusement les poign\u00e9es apr\u00e8s chaque utilisation.<\/li>\n<\/ul>\n\n\n\n<h3 class=\"wp-block-heading\">AVERTISSEMENT :<\/h3>\n\n\n\n<ul class=\"wp-block-list\">\n<li><strong>\u00c9viter les abus<\/strong>: N'utilisez pas votre corde \u00e0 sauter \u00e0 d'autres fins que l'usage de fitness pr\u00e9vu (par exemple, comme dispositif de remorquage ou de traction), car cela pourrait causer des dommages ou des blessures.<\/li>\n\n\n\n<li><strong>S\u00e9curit\u00e9 des enfants<\/strong>: Gardez les cordes \u00e0 sauter hors de port\u00e9e des jeunes enfants pour \u00e9viter l'\u00e9tranglement ou les blessures. La surveillance d'un adulte est recommand\u00e9e pour les enfants utilisant des cordes \u00e0 sauter.<\/li>\n\n\n\n<li><strong>Inspecter avant utilisation<\/strong>: V\u00e9rifiez toujours l'absence de pi\u00e8ces desserr\u00e9es, de cordes effiloch\u00e9es ou de poign\u00e9es endommag\u00e9es avant chaque session pour garantir un fonctionnement s\u00fbr.<\/li>\n<\/ul>\n\n\n\n<h2 class=\"wp-block-heading\">Exp\u00e9dition<\/h2>\n\n\n\n<p>JumpRopeWholesale est fier d'exp\u00e9dier vers n'importe quel pays du monde avec les m\u00e9thodes de livraison les plus rapides et les plus fiables disponibles. Nous nous effor\u00e7ons de traiter et d'exp\u00e9dier les commandes dans les plus brefs d\u00e9lais pour vous assurer de recevoir votre corde \u00e0 sauter rapidement. Pour des d\u00e9tails d'exp\u00e9dition sp\u00e9cifiques ou pour suivre votre commande, visitez <a href=\"https:\/\/jumpropewholesale.com\/fr\/\" target=\"_blank\" rel=\"noreferrer noopener\">https:\/\/jumpropewholesale.com\/ <\/a>ou contactez notre service client.<\/p>\n\n\n\n<h2 class=\"wp-block-heading\">FAQ<\/h2>\n\n\n\n<p>Pour des questions suppl\u00e9mentaires sur votre corde \u00e0 sauter, y compris les options de personnalisation, les pi\u00e8ces de rechange ou le d\u00e9pannage, veuillez visiter notre page <strong>FAQ<\/strong> \u00e0 <a href=\"https:\/\/jumpropewholesale.com\/fr\/faq\/\" target=\"_blank\" rel=\"noreferrer noopener\">https:\/\/jumpropewholesale.com\/faq <\/a>ou contactez-nous directement :<\/p>\n\n\n\n<ul class=\"wp-block-list\">\n<li><strong>E-mail<\/strong>: <a href=\"mailto:plevalofficial@gmail.com\" target=\"_blank\" rel=\"noreferrer noopener\">plevalofficial@gmail.com<\/a><\/li>\n\n\n\n<li><strong>T\u00e9l\u00e9phone<\/strong>: +86 188 5812 6258<\/li>\n<\/ul>\n\n\n\n<h2 class=\"wp-block-heading\">Ressources suppl\u00e9mentaires<\/h2>\n\n\n\n<p>Explorez les conseils d'entra\u00eenement, les techniques de corde \u00e0 sauter et les guides d'entra\u00eenement sur notre site web \u00e0 <a href=\"https:\/\/jumpropewholesale.com\/fr\/resources\/\" target=\"_blank\" rel=\"noreferrer noopener\">https:\/\/jumpropewholesale.com\/resources <\/a>. Que vous soyez d\u00e9butant ou athl\u00e8te chevronn\u00e9, nous sommes l\u00e0 pour soutenir votre parcours de fitness !<\/p>\n\n\n\n<p>Merci d'avoir choisi JumpRopeWholesale. Nous sommes ravis de faire partie de votre exp\u00e9rience de fitness !<\/p>","protected":false},"excerpt":{"rendered":"<p>Utilisation et entretien des cordes \u00e0 sauter de JumpRopeWholesale Merci d'avoir choisi JumpRopeWholesale ! Nos cordes \u00e0 sauter haut de gamme sont con\u00e7ues pour la durabilit\u00e9, [\u2026]<\/p>","protected":false},"author":2,"featured_media":0,"parent":0,"menu_order":0,"comment_status":"closed","ping_status":"closed","template":"","meta":{"site-sidebar-layout":"default","site-content-layout":"","ast-site-content-layout":"default","site-content-style":"default","site-sidebar-style":"default","ast-global-header-display":"","ast-banner-title-visibility":"","ast-main-header-display":"","ast-hfb-above-header-display":"","ast-hfb-below-header-display":"","ast-hfb-mobile-header-display":"","site-post-title":"","ast-breadcrumbs-content":"","ast-featured-img":"","footer-sml-layout":"","ast-disable-related-posts":"","theme-transparent-header-meta":"","adv-header-id-meta":"","stick-header-meta":"","header-above-stick-meta":"","header-main-stick-meta":"","header-below-stick-meta":"","astra-migrate-meta-layouts":"default","ast-page-background-enabled":"default","ast-page-background-meta":{"desktop":{"background-color":"var(--ast-global-color-5)","background-image":"","background-repeat":"repeat","background-position":"center center","background-size":"auto","background-attachment":"scroll","background-type":"","background-media":"","overlay-type":"","overlay-color":"","overlay-opacity":"","overlay-gradient":""},"tablet":{"background-color":"","background-image":"","background-repeat":"repeat","background-position":"center center","background-size":"auto","background-attachment":"scroll","background-type":"","background-media":"","overlay-type":"","overlay-color":"","overlay-opacity":"","overlay-gradient":""},"mobile":{"background-color":"","background-image":"","background-repeat":"repeat","background-position":"center center","background-size":"auto","background-attachment":"scroll","background-type":"","background-media":"","overlay-type":"","overlay-color":"","overlay-opacity":"","overlay-gradient":""}},"ast-content-background-meta":{"desktop":{"background-color":"var(--ast-global-color-4)","background-image":"","background-repeat":"repeat","background-position":"center center","background-size":"auto","background-attachment":"scroll","background-type":"","background-media":"","overlay-type":"","overlay-color":"","overlay-opacity":"","overlay-gradient":""},"tablet":{"background-color":"var(--ast-global-color-4)","background-image":"","background-repeat":"repeat","background-position":"center center","background-size":"auto","background-attachment":"scroll","background-type":"","background-media":"","overlay-type":"","overlay-color":"","overlay-opacity":"","overlay-gradient":""},"mobile":{"background-color":"var(--ast-global-color-4)","background-image":"","background-repeat":"repeat","background-position":"center center","background-size":"auto","background-attachment":"scroll","background-type":"","background-media":"","overlay-type":"","overlay-color":"","overlay-opacity":"","overlay-gradient":""}},"footnotes":""},"class_list":["post-769","page","type-page","status-publish","hentry"],"_links":{"self":[{"href":"https:\/\/jumpropewholesale.com\/fr\/wp-json\/wp\/v2\/pages\/769","targetHints":{"allow":["GET"]}}],"collection":[{"href":"https:\/\/jumpropewholesale.com\/fr\/wp-json\/wp\/v2\/pages"}],"about":[{"href":"https:\/\/jumpropewholesale.com\/fr\/wp-json\/wp\/v2\/types\/page"}],"author":[{"embeddable":true,"href":"https:\/\/jumpropewholesale.com\/fr\/wp-json\/wp\/v2\/users\/2"}],"replies":[{"embeddable":true,"href":"https:\/\/jumpropewholesale.com\/fr\/wp-json\/wp\/v2\/comments?post=769"}],"version-history":[{"count":2,"href":"https:\/\/jumpropewholesale.com\/fr\/wp-json\/wp\/v2\/pages\/769\/revisions"}],"predecessor-version":[{"id":772,"href":"https:\/\/jumpropewholesale.com\/fr\/wp-json\/wp\/v2\/pages\/769\/revisions\/772"}],"wp:attachment":[{"href":"https:\/\/jumpropewholesale.com\/fr\/wp-json\/wp\/v2\/media?parent=769"}],"curies":[{"name":"wp","href":"https:\/\/api.w.org\/{rel}","templated":true}]}}