{"id":767,"date":"2025-07-19T02:40:18","date_gmt":"2025-07-19T02:40:18","guid":{"rendered":"https:\/\/jumpropewholesale.com\/?page_id=767"},"modified":"2025-07-19T02:40:19","modified_gmt":"2025-07-19T02:40:19","slug":"product-safety","status":"publish","type":"page","link":"https:\/\/jumpropewholesale.com\/fr\/product-safety\/","title":{"rendered":"S\u00e9curit\u00e9 du produit"},"content":{"rendered":"<h2 class=\"wp-block-heading\">Engagement de JumpRopeWholesale en mati\u00e8re de s\u00e9curit\u00e9<\/h2>\n\n\n\n<p>Chez JumpRopeWholesale, nous nous engageons fermement \u00e0 garantir la s\u00e9curit\u00e9 et la qualit\u00e9 de nos cordes \u00e0 sauter, con\u00e7ues pour les amateurs de fitness, les salles de sport, les \u00e9coles et les revendeurs du monde entier. Nous comprenons l'importance de fournir des produits qui respectent les normes de s\u00e9curit\u00e9 les plus \u00e9lev\u00e9es, et nous nous associons \u00e0 des fabricants de confiance pour livrer des cordes \u00e0 sauter durables, fiables et s\u00fbres \u00e0 nos clients mondiaux.<\/p>\n\n\n\n<h3 class=\"wp-block-heading\">Normes de fabrication et de s\u00e9curit\u00e9<\/h3>\n\n\n\n<p>Nos cordes \u00e0 sauter sont fabriqu\u00e9es dans notre installation de pointe \u00e0 Hangzhou, Zhejiang, Chine, o\u00f9 nous appliquons des mesures de contr\u00f4le qualit\u00e9 strictes. Pour garantir la s\u00e9curit\u00e9 des produits, nos cordes \u00e0 sauter sont soumises \u00e0 des tests rigoureux afin de se conformer aux normes de s\u00e9curit\u00e9 internationales, notamment :<\/p>\n\n\n\n<ul class=\"wp-block-list\">\n<li><strong>EN-71<\/strong>: Normes europ\u00e9ennes de s\u00e9curit\u00e9 des jouets, garantissant que nos produits sont exempts de substances nocives et s\u00fbrs \u00e0 utiliser.<\/li>\n\n\n\n<li><strong>ASTM F963<\/strong>: Normes de la U.S. Consumer Product Safety Commission en mati\u00e8re de s\u00e9curit\u00e9 physique et m\u00e9canique, ainsi que de contenu chimique.<\/li>\n\n\n\n<li><strong>Conformit\u00e9 CPSIA<\/strong>: Respect du U.S. Consumer Product Safety Improvement Act, garantissant que nos produits sont exempts de substances nocives telles que le plomb, les phtalates et d'autres produits chimiques r\u00e9glement\u00e9s.<\/li>\n<\/ul>\n\n\n\n<p>Les tests sont effectu\u00e9s dans des laboratoires reconnus mondialement, tels que SGS et Intertek, o\u00f9 nos produits sont \u00e9valu\u00e9s pour :<\/p>\n\n\n\n<ul class=\"wp-block-list\">\n<li>Substances nocives, y compris le plomb, le cadmium, le mercure, l'arsenic, le chrome, l'antimoine et le s\u00e9l\u00e9nium.<\/li>\n\n\n\n<li>S\u00e9curit\u00e9 m\u00e9canique, garantissant qu'aucune petite pi\u00e8ce ne pr\u00e9sente de risque d'\u00e9touffement ou d'autres dangers.<\/li>\n\n\n\n<li>Durabilit\u00e9, pour garantir que nos cordes \u00e0 sauter r\u00e9sistent \u00e0 une utilisation intensive dans les environnements de fitness et d'\u00e9ducation.<\/li>\n<\/ul>\n\n\n\n<p>Notre engagement envers la s\u00e9curit\u00e9 va au-del\u00e0 des tests initiaux. Nous effectuons des tests al\u00e9atoires par lots pour garantir la conformit\u00e9 continue avec les r\u00e9glementations de s\u00e9curit\u00e9 mondiales, offrant ainsi la tranquillit\u00e9 d'esprit \u00e0 nos clients.<\/p>\n\n\n\n<h3 class=\"wp-block-heading\">Mat\u00e9riaux et production<\/h3>\n\n\n\n<p>Chez JumpRopeWholesale, nous utilisons uniquement des mat\u00e9riaux de haute qualit\u00e9 et non toxiques dans nos cordes \u00e0 sauter, notamment :<\/p>\n\n\n\n<ul class=\"wp-block-list\">\n<li><strong>Poign\u00e9es<\/strong>: Conception ergonomique avec des plastiques sans BPA ou de la mousse durable pour une prise en main s\u00fbre.<\/li>\n\n\n\n<li><strong>Cordes<\/strong>: Fabriqu\u00e9 \u00e0 partir de mat\u00e9riaux non toxiques et \u00e0 haute r\u00e9sistance tels que le PVC, le nylon ou des c\u00e2bles en acier recouverts de couches protectrices pour garantir la s\u00e9curit\u00e9 et la durabilit\u00e9.<\/li>\n\n\n\n<li><strong>Composants<\/strong>: Tous les roulements, connecteurs et autres pi\u00e8ces sont test\u00e9s pour s'assurer qu'ils ne pr\u00e9sentent pas d'ar\u00eates vives et qu'ils respectent les normes de s\u00e9curit\u00e9 pour tous les \u00e2ges.<\/li>\n<\/ul>\n\n\n\n<p>Notre mod\u00e8le direct d'usine nous permet de maintenir un contr\u00f4le strict du processus de production, garantissant que chaque corde \u00e0 sauter r\u00e9pond \u00e0 nos normes \u00e9lev\u00e9es de s\u00e9curit\u00e9, de qualit\u00e9 et de performance.<\/p>\n\n\n\n<h3 class=\"wp-block-heading\">Exp\u00e9dition et assurance de la s\u00e9curit\u00e9<\/h3>\n\n\n\n<p>Nous sommes fiers d'exp\u00e9dier nos cordes \u00e0 sauter \u00e0 des clients dans tous les pays du monde, en utilisant les m\u00e9thodes d'exp\u00e9dition les plus rapides et les plus fiables disponibles. D\u00e8s qu'une commande est pass\u00e9e, nous donnons la priorit\u00e9 \u00e0 un traitement et \u00e0 un envoi rapides pour que vos produits arrivent dans les plus brefs d\u00e9lais, emball\u00e9s en toute s\u00e9curit\u00e9 pour en pr\u00e9server l'\u00e9tat et la s\u00e9curit\u00e9.<\/p>\n\n\n\n<p>Chaque envoi est soigneusement inspect\u00e9 pour garantir la conformit\u00e9 aux r\u00e9glementations internationales de s\u00e9curit\u00e9 et douani\u00e8res, afin que vous puissiez avoir l'assurance que vos cordes \u00e0 sauter arrivent pr\u00eates \u00e0 \u00eatre utilis\u00e9es en toute s\u00e9curit\u00e9, que ce soit dans un gymnase, une \u00e9cole ou \u00e0 la maison.<\/p>\n\n\n\n<h3 class=\"wp-block-heading\">Notre engagement envers vous<\/h3>\n\n\n\n<p>En tant qu'entreprise fond\u00e9e par des passionn\u00e9s de fitness, nous nous engageons \u00e0 fournir des cordes \u00e0 sauter qui non seulement am\u00e9liorent les performances, mais privil\u00e9gient \u00e9galement la s\u00e9curit\u00e9 de l'utilisateur. Nous travaillons en \u00e9troite collaboration avec nos partenaires de fabrication pour maintenir une cha\u00eene d'approvisionnement qui respecte les pratiques \u00e9thiques et ax\u00e9es sur la s\u00e9curit\u00e9. Nos produits b\u00e9n\u00e9ficient de la confiance des marques de fitness, des \u00e9tablissements d'enseignement et des vendeurs sur des plateformes comme Amazon en France, ce qui t\u00e9moigne de notre d\u00e9vouement \u00e0 la qualit\u00e9 et \u00e0 la fiabilit\u00e9.<\/p>\n\n\n\n<p>Si vous avez des questions ou des pr\u00e9occupations concernant la s\u00e9curit\u00e9 de nos produits, nous sommes l\u00e0 pour vous aider. Veuillez nous contacter via :<\/p>\n\n\n\n<ul class=\"wp-block-list\">\n<li><strong>E-mail<\/strong>: <a href=\"mailto:plevalofficial@gmail.com\" target=\"_blank\" rel=\"noreferrer noopener\">plevalofficial@gmail.com<\/a><\/li>\n\n\n\n<li><strong>T\u00e9l\u00e9phone<\/strong>: +86 188 5812 6258 (Disponible du lundi au vendredi, de 9h00 \u00e0 17h00, heure normale de Chine)<\/li>\n\n\n\n<li><strong>Site Web<\/strong>: <a href=\"https:\/\/jumpropewholesale.com\/fr\/\" target=\"_blank\" rel=\"noreferrer noopener\">jumpropewholesale.com<\/a><\/li>\n<\/ul>\n\n\n\n<h3 class=\"wp-block-heading\">Pourquoi choisir JumpRopeWholesale ?<\/h3>\n\n\n\n<ul class=\"wp-block-list\">\n<li><strong>La s\u00e9curit\u00e9 avant tout<\/strong>: Nos produits respectent ou d\u00e9passent les normes de s\u00e9curit\u00e9 internationales, garantissant une tranquillit\u00e9 d'esprit pour les utilisateurs de tous \u00e2ges.<\/li>\n\n\n\n<li><strong>Port\u00e9e internationale<\/strong>: Nous exp\u00e9dions dans le monde entier avec rapidit\u00e9 et fiabilit\u00e9.<\/li>\n\n\n\n<li><strong>Assurance qualit\u00e9<\/strong>: Un prix direct d'usine ne signifie pas de compromis sur la qualit\u00e9 : nos cordes \u00e0 sauter sont con\u00e7ues pour durer.<\/li>\n\n\n\n<li><strong>Approche client<\/strong>: Notre \u00e9quipe se consacre \u00e0 r\u00e9pondre \u00e0 vos besoins et \u00e0 garantir votre satisfaction.<\/li>\n<\/ul>\n\n\n\n<p>Merci d'avoir choisi JumpRopeWholesale. Nous sommes fiers d'\u00eatre votre partenaire de confiance en mati\u00e8re de fitness, en fournissant des cordes \u00e0 sauter s\u00fbres et de haute qualit\u00e9 pour soutenir votre mode de vie actif.<\/p>","protected":false},"excerpt":{"rendered":"<p>Engagement de s\u00e9curit\u00e9 de JumpRopeWholesale Chez JumpRopeWholesale, nous nous engageons profond\u00e9ment \u00e0 garantir la s\u00e9curit\u00e9 et la qualit\u00e9 de nos cordes \u00e0 sauter, con\u00e7ues [\u2026]<\/p>","protected":false},"author":2,"featured_media":0,"parent":0,"menu_order":0,"comment_status":"closed","ping_status":"closed","template":"","meta":{"site-sidebar-layout":"default","site-content-layout":"","ast-site-content-layout":"default","site-content-style":"default","site-sidebar-style":"default","ast-global-header-display":"","ast-banner-title-visibility":"","ast-main-header-display":"","ast-hfb-above-header-display":"","ast-hfb-below-header-display":"","ast-hfb-mobile-header-display":"","site-post-title":"","ast-breadcrumbs-content":"","ast-featured-img":"","footer-sml-layout":"","ast-disable-related-posts":"","theme-transparent-header-meta":"","adv-header-id-meta":"","stick-header-meta":"","header-above-stick-meta":"","header-main-stick-meta":"","header-below-stick-meta":"","astra-migrate-meta-layouts":"default","ast-page-background-enabled":"default","ast-page-background-meta":{"desktop":{"background-color":"var(--ast-global-color-5)","background-image":"","background-repeat":"repeat","background-position":"center center","background-size":"auto","background-attachment":"scroll","background-type":"","background-media":"","overlay-type":"","overlay-color":"","overlay-opacity":"","overlay-gradient":""},"tablet":{"background-color":"","background-image":"","background-repeat":"repeat","background-position":"center center","background-size":"auto","background-attachment":"scroll","background-type":"","background-media":"","overlay-type":"","overlay-color":"","overlay-opacity":"","overlay-gradient":""},"mobile":{"background-color":"","background-image":"","background-repeat":"repeat","background-position":"center center","background-size":"auto","background-attachment":"scroll","background-type":"","background-media":"","overlay-type":"","overlay-color":"","overlay-opacity":"","overlay-gradient":""}},"ast-content-background-meta":{"desktop":{"background-color":"var(--ast-global-color-4)","background-image":"","background-repeat":"repeat","background-position":"center center","background-size":"auto","background-attachment":"scroll","background-type":"","background-media":"","overlay-type":"","overlay-color":"","overlay-opacity":"","overlay-gradient":""},"tablet":{"background-color":"var(--ast-global-color-4)","background-image":"","background-repeat":"repeat","background-position":"center center","background-size":"auto","background-attachment":"scroll","background-type":"","background-media":"","overlay-type":"","overlay-color":"","overlay-opacity":"","overlay-gradient":""},"mobile":{"background-color":"var(--ast-global-color-4)","background-image":"","background-repeat":"repeat","background-position":"center center","background-size":"auto","background-attachment":"scroll","background-type":"","background-media":"","overlay-type":"","overlay-color":"","overlay-opacity":"","overlay-gradient":""}},"footnotes":""},"class_list":["post-767","page","type-page","status-publish","hentry"],"_links":{"self":[{"href":"https:\/\/jumpropewholesale.com\/fr\/wp-json\/wp\/v2\/pages\/767","targetHints":{"allow":["GET"]}}],"collection":[{"href":"https:\/\/jumpropewholesale.com\/fr\/wp-json\/wp\/v2\/pages"}],"about":[{"href":"https:\/\/jumpropewholesale.com\/fr\/wp-json\/wp\/v2\/types\/page"}],"author":[{"embeddable":true,"href":"https:\/\/jumpropewholesale.com\/fr\/wp-json\/wp\/v2\/users\/2"}],"replies":[{"embeddable":true,"href":"https:\/\/jumpropewholesale.com\/fr\/wp-json\/wp\/v2\/comments?post=767"}],"version-history":[{"count":1,"href":"https:\/\/jumpropewholesale.com\/fr\/wp-json\/wp\/v2\/pages\/767\/revisions"}],"predecessor-version":[{"id":768,"href":"https:\/\/jumpropewholesale.com\/fr\/wp-json\/wp\/v2\/pages\/767\/revisions\/768"}],"wp:attachment":[{"href":"https:\/\/jumpropewholesale.com\/fr\/wp-json\/wp\/v2\/media?parent=767"}],"curies":[{"name":"wp","href":"https:\/\/api.w.org\/{rel}","templated":true}]}}