{"id":743,"date":"2025-07-19T01:59:04","date_gmt":"2025-07-19T01:59:04","guid":{"rendered":"https:\/\/jumpropewholesale.com\/?page_id=743"},"modified":"2025-07-19T01:59:05","modified_gmt":"2025-07-19T01:59:05","slug":"policies","status":"publish","type":"page","link":"https:\/\/jumpropewholesale.com\/fr\/policies\/","title":{"rendered":"Politiques"},"content":{"rendered":"<p>Chez JumpRopeWholesale, nous nous engageons \u00e0 fournir des cordes \u00e0 sauter de haute qualit\u00e9 avec un service exceptionnel. Si vous avez des questions concernant nos politiques, veuillez nous contacter au <strong>+86 188 5812 6258<\/strong> ou nous envoyer un courriel \u00e0 <strong><a href=\"mailto:plevalofficial@gmail.com\" target=\"_blank\" rel=\"noreferrer noopener\">plevalofficial@gmail.com <\/a><\/strong>. Vous pouvez \u00e9galement remplir le formulaire de contact sur notre site web : <a href=\"https:\/\/jumpropewholesale.com\/fr\/\" target=\"_blank\" rel=\"noreferrer noopener\">jumpropewholesale.com <\/a>. Nous r\u00e9pondons aux demandes dans l'ordre o\u00f9 elles sont re\u00e7ues, y compris les messages laiss\u00e9s apr\u00e8s les heures d'ouverture.<\/p>\n\n\n\n<h3 class=\"wp-block-heading\"><strong>Programme d'alignement des prix<\/strong><\/h3>\n\n\n\n<p>Nous offrons des prix comp\u00e9titifs, directement d'usine, sur nos cordes \u00e0 sauter. Si vous trouvez un produit de corde \u00e0 sauter comparable \u00e0 un prix inf\u00e9rieur chez un autre fournisseur, veuillez nous envoyer le devis, et nous ferons de notre mieux pour nous aligner sur ce prix ou le surpasser.<\/p>\n\n\n\n<h3 class=\"wp-block-heading\"><strong>Commandes par carte de cr\u00e9dit<\/strong><\/h3>\n\n\n\n<p>Lorsque vous passez une commande, nous contactons votre banque pour v\u00e9rifier le mode de paiement. Une pr\u00e9-autorisation est plac\u00e9e sur votre compte jusqu'\u00e0 ce que la transaction soit trait\u00e9e ou expire (g\u00e9n\u00e9ralement dans les 30 jours). Il ne s'agit pas d'un d\u00e9bit, mais d'une retenue temporaire. Si une commande est annul\u00e9e, nous lib\u00e9rons la pr\u00e9-autorisation imm\u00e9diatement, bien que le d\u00e9lai de lib\u00e9ration d\u00e9pende des politiques de votre banque. Pour plus de d\u00e9tails, veuillez contacter votre banque.<\/p>\n\n\n\n<h3 class=\"wp-block-heading\"><strong>Bons de commande<\/strong><\/h3>\n\n\n\n<p>Les bons de commande sont accept\u00e9s de la part des \u00e9coles, des institutions publiques et des agences gouvernementales \u00e0 travers le monde. Les commandes ne seront pas trait\u00e9es tant que nous n'aurons pas re\u00e7u un bon de commande confirm\u00e9 faisant r\u00e9f\u00e9rence \u00e0 votre num\u00e9ro de commande web et clairement marqu\u00e9 comme une confirmation. JumpRopeWholesale n'est pas responsable des commandes en double.<\/p>\n\n\n\n<h3 class=\"wp-block-heading\"><strong>Satisfaction garantie<\/strong><\/h3>\n\n\n\n<p>Nous nous portons garants de la qualit\u00e9 de nos cordes \u00e0 sauter avec une garantie de satisfaction d'un an. Si vous n'\u00eates pas satisfait de votre commande, contactez-nous, et nous remplacerons le produit, \u00e9mettrons un cr\u00e9dit ou rembourserons le prix d'achat (hors frais d'exp\u00e9dition d'origine). Remarque : Les sp\u00e9cifications du produit, telles que les couleurs ou les motifs, peuvent varier sans pr\u00e9avis.<\/p>\n\n\n\n<h3 class=\"wp-block-heading\"><strong>Articles endommag\u00e9s ou manquants<\/strong><\/h3>\n\n\n\n<p>Veuillez inspecter votre commande d\u00e8s la livraison. Tout dommage ou article manquant doit \u00eatre not\u00e9 au moment de la livraison et signal\u00e9 dans les <strong>2 jours ouvrables<\/strong> suivant la r\u00e9ception. Contactez-nous au <strong><a href=\"mailto:plevalofficial@gmail.com\" target=\"_blank\" rel=\"noreferrer noopener\">plevalofficial@gmail.com <\/a><\/strong>or <strong>+86 188 5812 6258<\/strong> pour signaler les probl\u00e8mes.<\/p>\n\n\n\n<h3 class=\"wp-block-heading\"><strong>Retours de marchandise<\/strong><\/h3>\n\n\n\n<p>Pour retourner un article, contactez-nous pour obtenir un num\u00e9ro d'autorisation de retour, qui doit \u00eatre inclus sur l'\u00e9tiquette d'exp\u00e9dition. Les articles doivent \u00eatre retourn\u00e9s dans leur \u00e9tat d'origine, y compris tous les emballages, \u00e9tiquettes et accessoires. Les retours d'articles non d\u00e9fectueux peuvent entra\u00eener des frais d'exp\u00e9dition de retour et des frais de restockage. Les commandes personnalis\u00e9es ne sont pas retournables, sauf si elles sont d\u00e9fectueuses ou dues \u00e0 une erreur de notre part. Nous ne sommes pas responsables de l'abus, de la mauvaise manipulation ou des dommages li\u00e9s au transport.<\/p>\n\n\n\n<h3 class=\"wp-block-heading\"><strong>Exp\u00e9dition<\/strong><\/h3>\n\n\n\n<p>Nous exp\u00e9dions dans tous les pays du monde, en privil\u00e9giant les m\u00e9thodes de livraison les plus rapides et les plus efficaces. Les frais d'exp\u00e9dition sont calcul\u00e9s en fonction de la taille de la commande, de la destination et de la m\u00e9thode d'exp\u00e9dition, avec un co\u00fbt minimum de <strong>$8.00<\/strong>. Pour les exp\u00e9ditions express ou internationales, veuillez nous contacter pour un devis.<\/p>\n\n\n\n<ul class=\"wp-block-list\">\n<li><strong>Quai de chargement<\/strong>: Si votre lieu de livraison ne dispose pas de quai de chargement et n\u00e9cessite un camion avec hayon \u00e9l\u00e9vateur, des frais suppl\u00e9mentaires peuvent s'appliquer.<\/li>\n\n\n\n<li><strong>Livraison \u00e0 l'int\u00e9rieur des locaux<\/strong>: Des frais suppl\u00e9mentaires s'appliquent pour la livraison \u00e0 l'int\u00e9rieur. Nous vous informerons si des frais suppl\u00e9mentaires sont requis avant de traiter votre commande.<\/li>\n<\/ul>\n\n\n\n<h3 class=\"wp-block-heading\"><strong>Conditions de paiement<\/strong><\/h3>\n\n\n\n<p>Pour les comptes \u00e9tablis, nos conditions sont de <strong>NET 30 jours<\/strong> \u00e0 partir de la date de la facture.<\/p>\n\n\n\n<ul class=\"wp-block-list\">\n<li><strong>\u00c9tablissement de cr\u00e9dit<\/strong>: Nous accordons un cr\u00e9dit aux \u00e9coles publiques, aux \u00e9coles priv\u00e9es\/\u00e0 charte accr\u00e9dit\u00e9es et aux agences gouvernementales avec un bon de commande approuv\u00e9. Toutes les autres commandes doivent \u00eatre pr\u00e9pay\u00e9es par carte de cr\u00e9dit (Visa, MasterCard, American Express), virement bancaire ou PayPal. Aucune commande contre remboursement n'est accept\u00e9e.<\/li>\n<\/ul>\n\n\n\n<h3 class=\"wp-block-heading\"><strong>Service \u00e0 la client\u00e8le<\/strong><\/h3>\n\n\n\n<p>Notre \u00e9quipe est disponible pour vous aider par t\u00e9l\u00e9phone (<strong>+86 188 5812 6258<\/strong>) ou par courriel (<strong><a href=\"mailto:plevalofficial@gmail.com\" target=\"_blank\" rel=\"noreferrer noopener\">plevalofficial@gmail.com <\/a><\/strong>). Nous r\u00e9pondons rapidement aux demandes re\u00e7ues pendant et apr\u00e8s les heures de bureau.<\/p>\n\n\n\n<h3 class=\"wp-block-heading\"><strong>Commandes en double<\/strong><\/h3>\n\n\n\n<p>La confirmation de bons de commande qui ne sont pas clairement marqu\u00e9s \u00ab confirmation uniquement \u00bb peut entra\u00eener une duplication. Les clients sont responsables de tous les frais d'exp\u00e9dition associ\u00e9s aux commandes en double.<\/p>\n\n\n\n<h3 class=\"wp-block-heading\"><strong>Prix<\/strong><\/h3>\n\n\n\n<p>En tant que fournisseur direct d'usine, nous nous effor\u00e7ons de maintenir des prix stables. Cependant, en raison de potentiels changements de co\u00fbts de la part de nos fournisseurs, nous nous r\u00e9servons le droit d'ajuster les prix sans pr\u00e9avis. En cas d'augmentations de prix importantes ou d'erreurs typographiques, nous vous en informerons avant de traiter votre commande, vous donnant la possibilit\u00e9 d'accepter le prix mis \u00e0 jour ou d'annuler.<\/p>\n\n\n\n<h3 class=\"wp-block-heading\"><strong>Avis au client<\/strong><\/h3>\n\n\n\n<p>Les cordes \u00e0 sauter sont des \u00e9quipements de fitness destin\u00e9s \u00e0 un usage sp\u00e9cifique. Pour garantir la s\u00e9curit\u00e9, n'utilisez jamais de cordes \u00e0 sauter endommag\u00e9es ou modifi\u00e9es et assurez-vous toujours de la surveillance d'un adulte pendant l'utilisation. L'\u00e9quipement doit \u00eatre utilis\u00e9 uniquement pour l'usage auquel il est destin\u00e9 et inspect\u00e9 pour d\u00e9tecter l'usure, les dommages ou la stabilit\u00e9 avant utilisation. JumpRopeWholesale n'est pas responsable des blessures r\u00e9sultant d'une mauvaise utilisation ou d'une mauvaise manipulation.<\/p>\n\n\n\n<h3 class=\"wp-block-heading\"><strong>Droits d'auteur<\/strong><\/h3>\n\n\n\n<p>Tous les produits, designs et contenus de JumpRopeWholesale sont prot\u00e9g\u00e9s par les lois internationales sur le droit d'auteur. Aucune partie de nos mat\u00e9riaux ne peut \u00eatre reproduite sans autorisation \u00e9crite pr\u00e9alable.<\/p>","protected":false},"excerpt":{"rendered":"<p>Chez JumpRopeWholesale, nous nous engageons \u00e0 fournir des cordes \u00e0 sauter de haute qualit\u00e9 avec un service exceptionnel. Si vous avez des questions concernant nos [\u2026]<\/p>","protected":false},"author":2,"featured_media":0,"parent":0,"menu_order":0,"comment_status":"closed","ping_status":"closed","template":"","meta":{"site-sidebar-layout":"default","site-content-layout":"","ast-site-content-layout":"default","site-content-style":"default","site-sidebar-style":"default","ast-global-header-display":"","ast-banner-title-visibility":"","ast-main-header-display":"","ast-hfb-above-header-display":"","ast-hfb-below-header-display":"","ast-hfb-mobile-header-display":"","site-post-title":"","ast-breadcrumbs-content":"","ast-featured-img":"","footer-sml-layout":"","ast-disable-related-posts":"","theme-transparent-header-meta":"","adv-header-id-meta":"","stick-header-meta":"","header-above-stick-meta":"","header-main-stick-meta":"","header-below-stick-meta":"","astra-migrate-meta-layouts":"default","ast-page-background-enabled":"default","ast-page-background-meta":{"desktop":{"background-color":"var(--ast-global-color-5)","background-image":"","background-repeat":"repeat","background-position":"center center","background-size":"auto","background-attachment":"scroll","background-type":"","background-media":"","overlay-type":"","overlay-color":"","overlay-opacity":"","overlay-gradient":""},"tablet":{"background-color":"","background-image":"","background-repeat":"repeat","background-position":"center center","background-size":"auto","background-attachment":"scroll","background-type":"","background-media":"","overlay-type":"","overlay-color":"","overlay-opacity":"","overlay-gradient":""},"mobile":{"background-color":"","background-image":"","background-repeat":"repeat","background-position":"center center","background-size":"auto","background-attachment":"scroll","background-type":"","background-media":"","overlay-type":"","overlay-color":"","overlay-opacity":"","overlay-gradient":""}},"ast-content-background-meta":{"desktop":{"background-color":"var(--ast-global-color-4)","background-image":"","background-repeat":"repeat","background-position":"center center","background-size":"auto","background-attachment":"scroll","background-type":"","background-media":"","overlay-type":"","overlay-color":"","overlay-opacity":"","overlay-gradient":""},"tablet":{"background-color":"var(--ast-global-color-4)","background-image":"","background-repeat":"repeat","background-position":"center center","background-size":"auto","background-attachment":"scroll","background-type":"","background-media":"","overlay-type":"","overlay-color":"","overlay-opacity":"","overlay-gradient":""},"mobile":{"background-color":"var(--ast-global-color-4)","background-image":"","background-repeat":"repeat","background-position":"center center","background-size":"auto","background-attachment":"scroll","background-type":"","background-media":"","overlay-type":"","overlay-color":"","overlay-opacity":"","overlay-gradient":""}},"footnotes":""},"class_list":["post-743","page","type-page","status-publish","hentry"],"_links":{"self":[{"href":"https:\/\/jumpropewholesale.com\/fr\/wp-json\/wp\/v2\/pages\/743","targetHints":{"allow":["GET"]}}],"collection":[{"href":"https:\/\/jumpropewholesale.com\/fr\/wp-json\/wp\/v2\/pages"}],"about":[{"href":"https:\/\/jumpropewholesale.com\/fr\/wp-json\/wp\/v2\/types\/page"}],"author":[{"embeddable":true,"href":"https:\/\/jumpropewholesale.com\/fr\/wp-json\/wp\/v2\/users\/2"}],"replies":[{"embeddable":true,"href":"https:\/\/jumpropewholesale.com\/fr\/wp-json\/wp\/v2\/comments?post=743"}],"version-history":[{"count":1,"href":"https:\/\/jumpropewholesale.com\/fr\/wp-json\/wp\/v2\/pages\/743\/revisions"}],"predecessor-version":[{"id":744,"href":"https:\/\/jumpropewholesale.com\/fr\/wp-json\/wp\/v2\/pages\/743\/revisions\/744"}],"wp:attachment":[{"href":"https:\/\/jumpropewholesale.com\/fr\/wp-json\/wp\/v2\/media?parent=743"}],"curies":[{"name":"wp","href":"https:\/\/api.w.org\/{rel}","templated":true}]}}