{"id":741,"date":"2025-07-19T01:55:14","date_gmt":"2025-07-19T01:55:14","guid":{"rendered":"https:\/\/jumpropewholesale.com\/?page_id=741"},"modified":"2025-07-19T01:55:15","modified_gmt":"2025-07-19T01:55:15","slug":"shipping","status":"publish","type":"page","link":"https:\/\/jumpropewholesale.com\/fr\/shipping\/","title":{"rendered":"Informations de livraison"},"content":{"rendered":"<p>At <strong>GrossisteSaut\u00c0LaCorde<\/strong>, nous nous engageons \u00e0 livrer nos cordes \u00e0 sauter de haute qualit\u00e9 \u00e0 nos clients en France aussi rapidement et efficacement que possible. Nous exp\u00e9dions vers <strong>n'importe quel pays dans le monde<\/strong>, en veillant \u00e0 ce que votre commande soit trait\u00e9e et exp\u00e9di\u00e9e avec rapidit\u00e9 et soin.<\/p>\n\n\n\n<h2 class=\"wp-block-heading\">D\u00e9tails de la livraison<\/h2>\n\n\n\n<ul class=\"wp-block-list\">\n<li><strong>Livraison internationale<\/strong>: Nous sommes fiers de livrer dans tous les pays du monde. Quelle que soit votre situation g\u00e9ographique, nous vous ferons parvenir votre commande le plus rapidement possible.<\/li>\n\n\n\n<li><strong>Livraison la plus rapide<\/strong>: Nous privil\u00e9gions les m\u00e9thodes d'exp\u00e9dition les plus rapides disponibles pour que vos cordes \u00e0 sauter arrivent dans les meilleurs d\u00e9lais. La plupart des commandes sont trait\u00e9es et exp\u00e9di\u00e9es dans un d\u00e9lai de 1 \u00e0 2 jours ouvrables, en fonction de la disponibilit\u00e9 des produits.<\/li>\n\n\n\n<li><strong>Frais de livraison<\/strong>:\n<ul class=\"wp-block-list\">\n<li><strong>Livraison standard<\/strong>: Les frais de port et de manutention sont calcul\u00e9s \u00e0 6%(transitoire) de la valeur de la commande, avec un co\u00fbt minimum de 5,45 \u20ac pour toutes les livraisons de petits colis et de fret.<\/li>\n\n\n\n<li><strong>Livraison express<\/strong>: Pour les livraisons urgentes (par exemple, le jour ouvrable suivant ou le 2e jour ouvrable), des frais suppl\u00e9mentaires s'appliqueront. Veuillez sp\u00e9cifier la date de livraison souhait\u00e9e dans la section Commentaires de la commande lors du paiement, et nous vous contacterons pour confirmer l'option de livraison express la plus rentable. Les livraisons express sont factur\u00e9es au co\u00fbt d'exp\u00e9dition r\u00e9el.<\/li>\n\n\n\n<li><strong>Exp\u00e9dition internationale<\/strong>: Pour les commandes en dehors de la France m\u00e9tropolitaine, veuillez nous contacter \u00e0 l'adresse <strong>+86 188 5812 6258<\/strong> or <strong><a href=\"mailto:plevalofficial@gmail.com\" target=\"_blank\" rel=\"noreferrer noopener\">plevalofficial@gmail.com <\/a><\/strong>pour un devis d'exp\u00e9dition personnalis\u00e9.<\/li>\n<\/ul>\n<\/li>\n\n\n\n<li><strong>Produits personnalis\u00e9s<\/strong>: Les commandes de cordes \u00e0 sauter personnalis\u00e9es (num\u00e9ros d'article se terminant par \u00ab M \u00bb) peuvent subir de l\u00e9gers retards pendant les p\u00e9riodes de pointe en raison du temps de fabrication. Soyez assur\u00e9 que nous traitons et exp\u00e9dions toutes les commandes le plus rapidement possible.<\/li>\n<\/ul>\n\n\n\n<h2 class=\"wp-block-heading\">Frais suppl\u00e9mentaires<\/h2>\n\n\n\n<ul class=\"wp-block-list\">\n<li><strong>Livraison avec hayon \u00e9l\u00e9vateur<\/strong>: Si votre lieu de livraison ne dispose pas de quai de chargement et n\u00e9cessite un camion avec hayon \u00e9l\u00e9vateur, des frais suppl\u00e9mentaires peuvent s'appliquer.<\/li>\n\n\n\n<li><strong>Livraison \u00e0 l'int\u00e9rieur des locaux<\/strong>: Les demandes de livraison \u00e0 l'int\u00e9rieur des locaux entra\u00eeneront des frais suppl\u00e9mentaires.<\/li>\n\n\n\n<li><strong>Articles sp\u00e9ciaux<\/strong>: Les articles volumineux (transport de fret), les articles livr\u00e9s directement par le fournisseur (num\u00e9ros de stock se terminant par \u00ab D \u00bb) et les produits n\u00e9cessitant des conditions d'exp\u00e9dition particuli\u00e8res sont exclus des promotions de livraison gratuite. Les tarifs d'exp\u00e9dition standard s'appliqueront.<\/li>\n<\/ul>\n\n\n\n<h2 class=\"wp-block-heading\">Exclusions de la livraison gratuite<\/h2>\n\n\n\n<p>Les offres de livraison gratuite, lorsqu'elles sont disponibles, ne s'appliquent pas aux :<\/p>\n\n\n\n<ul class=\"wp-block-list\">\n<li>Commandes internationales<\/li>\n\n\n\n<li>Articles volumineux (transport de fret)<\/li>\n\n\n\n<li>Articles livr\u00e9s directement par le fournisseur (num\u00e9ros de stock se terminant par \u00ab D \u00bb)<\/li>\n\n\n\n<li>Articles n\u00e9cessitant des conditions d'exp\u00e9dition particuli\u00e8res<\/li>\n<\/ul>\n\n\n\n<h2 class=\"wp-block-heading\">Contactez-nous<\/h2>\n\n\n\n<p>Si vous avez des besoins ou des questions sp\u00e9cifiques en mati\u00e8re d'exp\u00e9dition, n'h\u00e9sitez pas \u00e0 nous contacter :<\/p>\n\n\n\n<ul class=\"wp-block-list\">\n<li><strong>T\u00e9l\u00e9phone<\/strong>: +86 188 5812 6258<\/li>\n\n\n\n<li><strong>E-mail<\/strong>: <a href=\"mailto:plevalofficial@gmail.com\" target=\"_blank\" rel=\"noreferrer noopener\">plevalofficial@gmail.com<\/a><\/li>\n\n\n\n<li><strong>Site Web<\/strong>: <a href=\"https:\/\/jumpropewholesale.com\/fr\/\" target=\"_blank\" rel=\"noreferrer noopener\">https:\/\/jumpropewholesale.com\/<\/a><\/li>\n<\/ul>\n\n\n\n<p>Nous travaillerons avec vous pour nous assurer que votre commande arrive \u00e0 temps et r\u00e9pond \u00e0 vos attentes. Merci d'avoir choisi <strong>GrossisteSaut\u00c0LaCorde<\/strong>!<\/p>","protected":false},"excerpt":{"rendered":"<p>Chez JumpRopeWholesale, nous nous engageons \u00e0 livrer nos cordes \u00e0 sauter de haute qualit\u00e9 aux clients du monde entier aussi rapidement et efficacement que possible. [\u2026]<\/p>","protected":false},"author":2,"featured_media":0,"parent":0,"menu_order":0,"comment_status":"closed","ping_status":"closed","template":"","meta":{"site-sidebar-layout":"default","site-content-layout":"","ast-site-content-layout":"default","site-content-style":"default","site-sidebar-style":"default","ast-global-header-display":"","ast-banner-title-visibility":"","ast-main-header-display":"","ast-hfb-above-header-display":"","ast-hfb-below-header-display":"","ast-hfb-mobile-header-display":"","site-post-title":"","ast-breadcrumbs-content":"","ast-featured-img":"","footer-sml-layout":"","ast-disable-related-posts":"","theme-transparent-header-meta":"","adv-header-id-meta":"","stick-header-meta":"","header-above-stick-meta":"","header-main-stick-meta":"","header-below-stick-meta":"","astra-migrate-meta-layouts":"default","ast-page-background-enabled":"default","ast-page-background-meta":{"desktop":{"background-color":"var(--ast-global-color-5)","background-image":"","background-repeat":"repeat","background-position":"center center","background-size":"auto","background-attachment":"scroll","background-type":"","background-media":"","overlay-type":"","overlay-color":"","overlay-opacity":"","overlay-gradient":""},"tablet":{"background-color":"","background-image":"","background-repeat":"repeat","background-position":"center center","background-size":"auto","background-attachment":"scroll","background-type":"","background-media":"","overlay-type":"","overlay-color":"","overlay-opacity":"","overlay-gradient":""},"mobile":{"background-color":"","background-image":"","background-repeat":"repeat","background-position":"center center","background-size":"auto","background-attachment":"scroll","background-type":"","background-media":"","overlay-type":"","overlay-color":"","overlay-opacity":"","overlay-gradient":""}},"ast-content-background-meta":{"desktop":{"background-color":"var(--ast-global-color-4)","background-image":"","background-repeat":"repeat","background-position":"center center","background-size":"auto","background-attachment":"scroll","background-type":"","background-media":"","overlay-type":"","overlay-color":"","overlay-opacity":"","overlay-gradient":""},"tablet":{"background-color":"var(--ast-global-color-4)","background-image":"","background-repeat":"repeat","background-position":"center center","background-size":"auto","background-attachment":"scroll","background-type":"","background-media":"","overlay-type":"","overlay-color":"","overlay-opacity":"","overlay-gradient":""},"mobile":{"background-color":"var(--ast-global-color-4)","background-image":"","background-repeat":"repeat","background-position":"center center","background-size":"auto","background-attachment":"scroll","background-type":"","background-media":"","overlay-type":"","overlay-color":"","overlay-opacity":"","overlay-gradient":""}},"footnotes":""},"class_list":["post-741","page","type-page","status-publish","hentry"],"_links":{"self":[{"href":"https:\/\/jumpropewholesale.com\/fr\/wp-json\/wp\/v2\/pages\/741","targetHints":{"allow":["GET"]}}],"collection":[{"href":"https:\/\/jumpropewholesale.com\/fr\/wp-json\/wp\/v2\/pages"}],"about":[{"href":"https:\/\/jumpropewholesale.com\/fr\/wp-json\/wp\/v2\/types\/page"}],"author":[{"embeddable":true,"href":"https:\/\/jumpropewholesale.com\/fr\/wp-json\/wp\/v2\/users\/2"}],"replies":[{"embeddable":true,"href":"https:\/\/jumpropewholesale.com\/fr\/wp-json\/wp\/v2\/comments?post=741"}],"version-history":[{"count":1,"href":"https:\/\/jumpropewholesale.com\/fr\/wp-json\/wp\/v2\/pages\/741\/revisions"}],"predecessor-version":[{"id":742,"href":"https:\/\/jumpropewholesale.com\/fr\/wp-json\/wp\/v2\/pages\/741\/revisions\/742"}],"wp:attachment":[{"href":"https:\/\/jumpropewholesale.com\/fr\/wp-json\/wp\/v2\/media?parent=741"}],"curies":[{"name":"wp","href":"https:\/\/api.w.org\/{rel}","templated":true}]}}