{"id":664,"date":"2025-07-19T02:03:02","date_gmt":"2025-07-19T02:03:02","guid":{"rendered":"https:\/\/jumpropewholesale.com\/?page_id=664"},"modified":"2025-07-19T02:03:03","modified_gmt":"2025-07-19T02:03:03","slug":"refund_returns","status":"publish","type":"page","link":"https:\/\/jumpropewholesale.com\/fr\/refund_returns\/","title":{"rendered":"Politique de remboursement et de retours"},"content":{"rendered":"<p>Chez JumpRopeWholesale, nous nous engageons \u00e0 fournir des cordes \u00e0 sauter de haute qualit\u00e9 qui r\u00e9pondent \u00e0 vos attentes en mati\u00e8re de durabilit\u00e9 et de performance. Nous nous effor\u00e7ons de garantir votre enti\u00e8re satisfaction \u00e0 chaque achat. Si, pour une raison quelconque, vous n'\u00eates pas satisfait de votre commande, nous sommes l\u00e0 pour vous aider. Veuillez consulter notre politique de remboursement et de retour ci-dessous pour plus de d\u00e9tails sur la proc\u00e9dure \u00e0 suivre pour les retours, les \u00e9changes ou les remboursements.<\/p>\n\n\n\n<h2 class=\"wp-block-heading\">Nous Contacter pour les Retours<\/h2>\n\n\n\n<p>Pour initier un retour, veuillez nous contacter \u00e0 l'adresse suivante : <strong><a href=\"mailto:plevalofficial@gmail.com\" target=\"_blank\" rel=\"noreferrer noopener\">plevalofficial@gmail.com <\/a><\/strong>ou appelez-nous au <strong>+86 188 5812 6258<\/strong>. Si votre demande de retour est approuv\u00e9e, nous vous fournirons un <strong>Num\u00e9ro d'Autorisation de Retour<\/strong> et des instructions d\u00e9taill\u00e9es sur comment et o\u00f9 envoyer votre colis.<\/p>\n\n\n\n<p><strong>Important\nImportant\nImportant\nImportant\nImportant\nImportant\nImportant\nImportant\nImportant\nImportant\nImportant\nImportant\nImportant\nImportant\nImportant\nImportant\nImportant\nImportant\nImportant\nImportant\nImportant\nImportant\nImportant\nImportant\nImportant\nImportant\nImportant\nImportant\nImportant\nImportant\nImportant\nImportant\nImportant\nImportant\nImportant\nImportant\nImportant\nImportant\nImportant\nImportant\nImportant\nImportant\nImportant\nImportant\nImportant\nImportant\nImportant\nImportant\nImportant\nImportant\nImportant\nImportant\nImportant\nImportant\nImportant\nImportant\nImportant\nImportant\nImportant\nImportant\nImportant\nImportant\nImportant\nImportant\nImportant\nImportant\nImportant\nImportant\nImportant\nImportant\nImportant\nImportant\nImportant\nImportant\nImportant\nImportant\nImportant\nImportant\nImportant\nImportant\nImportant\nImportant\nImportant\nImportant\nImportant\nImportant\nImportant\nImportant\nImportant\nImportant\nImportant\nImportant\nImportant\nImportant\nImportant\nImportant\nImportant\nImportant\nImportant\nImportant\nImportant\nImportant\nImportant\nImportant\nImportant\nImportant\nImportant\nImportant\nImportant\nImportant\nImportant\nImportant\nImportant\nImportant\nImportant\nImportant\nImportant\nImportant\nImportant\nImportant\nImportant\nImportant\nImportant\nImportant\nImportant\nImportant\nImportant\nImportant\nImportant\nImportant\nImportant\nImportant\nImportant\nImportant\nImportant\nImportant\nImportant\nImportant\nImportant\nImportant\nImportant\nImportant\nImportant\nImportant\nImportant\nImportant\nImportant\nImportant\nImportant\nImportant\nImportant\nImportant\nImportant\nImportant\nImportant\nImportant\nImportant\nImportant\nImportant\nImportant\nImportant\nImportant\nImportant\nImportant\nImportant\nImportant\nImportant\nImportant\nImportant\nImportant\nImportant\nImportant\nImportant\nImportant\nImportant\nImportant\nImportant\nImportant\nImportant\nImportant\nImportant\nImportant\nImportant\nImportant\nImportant\nImportant\nImportant\nImportant\nImportant\nImportant\nImportant\nImportant\nImportant\nImportant\nImportant\nImportant\nImportant\nImportant\nImportant\nImportant\nImportant\nImportant\nImportant\nImportant\nImportant\nImportant\nImportant\nImportant\nImportant\nImportant\nImportant\nImportant\nImportant\nImportant\nImportant\nImportant\nImportant\nImportant\nImportant\nImportant\nImportant\nImportant\nImportant\nImportant\nImportant\nImportant\nImportant\nImportant\nImportant\nImportant\nImportant\nImportant\nImportant\nImportant\nImportant\nImportant\nImportant\nImportant\nImportant\nImportant\nImportant\nImportant\nImportant\nImportant\nImportant\nImportant\nImportant\nImportant\nImportant\nImportant\nImportant\nImportant\nImportant\nImportant\nImportant\nImportant\nImportant\nImportant\nImportant\nImportant\nImportant\nImportant\nImportant\nImportant\nImportant\nImportant\nImportant\nImportant\nImportant\nImportant\nImportant\nImportant\nImportant\nImportant\nImportant\nImportant\nImportant\nImportant\nImportant\nImportant\nImportant\nImportant\nImportant\nImportant\nImportant\nImportant\nImportant\nImportant\nImportant\nImportant\nImportant\nImportant\nImportant\nImportant\nImportant\nImportant\nImportant\nImportant\nImportant\nImportant\nImportant\nImportant\nImportant\nImportant\nImportant\nImportant\nImportant\nImportant\nImportant\nImportant\nImportant\nImportant\nImportant\nImportant\nImportant\nImportant\nImportant\nImportant\nImportant\nImportant\nImportant\nImportant\nImportant\nImportant\nImportant\nImportant\nImportant\nImportant\nImportant\nImportant\nImportant\nImportant\nImportant\nImportant\nImportant\nImportant\nImportant\nImportant\nImportant\nImportant\nImportant\nImportant\nImportant\nImportant\nImportant\nImportant\nImportant\nImportant\nImportant\nImportant\nImportant\nImportant\nImportant\nImportant\nImportant\nImportant\nImportant\nImportant\nImportant\nImportant\nImportant\nImportant\nImportant\nImportant\nImportant\nImportant\nImportant\nImportant\nImportant\nImportant\nImportant\nImportant\nImportant\nImportant\nImportant\nImportant\nImportant\nImportant\nImportant\nImportant\nImportant\nImportant\nImportant\nImportant\nImportant\nImportant\nImportant\nImportant\nImportant\nImportant\nImportant\nImportant\nImportant\nImportant\nImportant\nImportant\nImportant\nImportant\nImportant\nImportant\nImportant\nImportant\nImportant\nImportant\nImportant\nImportant\nImportant\nImportant\nImportant\nImportant\nImportant\nImportant\nImportant\nImportant\nImportant\nImportant\nImportant\nImportant\nImportant\nImportant\nImportant\nImportant\nImportant\nImportant\nImportant\nImportant\nImportant\nImportant\nImportant\nImportant\nImportant\nImportant\nImportant\nImportant\nImportant\nImportant\nImportant\nImportant\nImportant\nImportant\nImportant\nImportant\nImportant\nImportant\nImportant\nImportant\nImportant\nImportant\nImportant\nImportant\nImportant\nImportant\nImportant\nImportant\nImportant\nImportant\nImportant\nImportant\nImportant\nImportant\nImportant\nImportant\nImportant\nImportant\nImportant\nImportant\nImportant\nImportant\nImportant\nImportant\nImportant\nImportant\nImportant\nImportant\nImportant\nImportant\nImportant\nImportant\nImportant\nImportant\nImportant\nImportant\nImportant\nImportant\nImportant\nImportant\nImportant\nImportant\nImportant\nImportant\nImportant\nImportant\nImportant\nImportant\nImportant\nImportant\nImportant\nImportant\nImportant\nImportant<\/strong>: Les articles retourn\u00e9s sans Num\u00e9ro d'Autorisation de Retour ne seront pas accept\u00e9s. Veuillez-vous assurer que le Num\u00e9ro d'Autorisation de Retour est clairement affich\u00e9 sur votre \u00e9tiquette d'exp\u00e9dition afin de garantir un traitement rapide et pr\u00e9cis de votre retour.<\/p>\n\n\n\n<p>Nous ne facturons pas de frais de restockage, et notre \u00e9quipe s'engage \u00e0 rendre le processus de retour aussi simple que possible.<\/p>\n\n\n\n<h2 class=\"wp-block-heading\">\u00c9ligibilit\u00e9 aux Retours<\/h2>\n\n\n\n<p>Pour \u00eatre \u00e9ligible \u00e0 un retour, votre article doit remplir les conditions suivantes :<\/p>\n\n\n\n<ul class=\"wp-block-list\">\n<li>L'article doit \u00eatre inutilis\u00e9, non port\u00e9 et dans le m\u00eame \u00e9tat que celui dans lequel vous l'avez re\u00e7u.<\/li>\n\n\n\n<li>L'article doit inclure toutes les \u00e9tiquettes, l'emballage et les accessoires d'origine.<\/li>\n\n\n\n<li>La demande de retour doit \u00eatre initi\u00e9e dans les <strong>30 jours<\/strong> suivant la r\u00e9ception de votre commande.<\/li>\n<\/ul>\n\n\n\n<h2 class=\"wp-block-heading\">Dommages et Probl\u00e8mes<\/h2>\n\n\n\n<p>Nous sommes fiers de nos normes rigoureuses de contr\u00f4le qualit\u00e9, mais si vous recevez un article d\u00e9fectueux, endommag\u00e9 ou incorrect, veuillez inspecter votre commande d\u00e8s sa r\u00e9ception et nous contacter imm\u00e9diatement \u00e0 l'adresse suivante : <strong><a href=\"mailto:plevalofficial@gmail.com\" target=\"_blank\" rel=\"noreferrer noopener\">plevalofficial@gmail.com <\/a><\/strong>. Nous \u00e9valuerons le probl\u00e8me rapidement et nous efforcerons d'y rem\u00e9dier, que ce soit par un remplacement, une r\u00e9paration ou un remboursement, selon votre pr\u00e9f\u00e9rence et la nature du probl\u00e8me.<\/p>\n\n\n\n<p>Veuillez fournir des photos de l'article endommag\u00e9 ou incorrect, ainsi que votre num\u00e9ro de commande, pour nous aider \u00e0 traiter votre demande efficacement.<\/p>\n\n\n\n<h2 class=\"wp-block-heading\">Articles non-retournables<\/h2>\n\n\n\n<p>Certains articles ne sont pas \u00e9ligibles au retour, y compris :<\/p>\n\n\n\n<ul class=\"wp-block-list\">\n<li><strong>Cordes \u00e0 sauter personnalis\u00e9es<\/strong> (par exemple, les produits fabriqu\u00e9s selon vos exigences sp\u00e9cifiques, telles que des longueurs, des couleurs ou une marque personnalis\u00e9es).<\/li>\n\n\n\n<li><strong>Articles en solde<\/strong> ou les produits achet\u00e9s \u00e0 un prix r\u00e9duit (sauf s'ils sont d\u00e9fectueux ou incorrects).<\/li>\n\n\n\n<li><strong>Cartes-cadeaux<\/strong> ou bons promotionnels.<\/li>\n<\/ul>\n\n\n\n<p>Si vous avez des questions pour savoir si votre article est \u00e9ligible \u00e0 un retour, veuillez nous contacter \u00e0 l'adresse <strong><a href=\"mailto:plevalofficial@gmail.com\" target=\"_blank\" rel=\"noreferrer noopener\">plevalofficial@gmail.com <\/a><\/strong>pour clarification.<\/p>\n\n\n\n<h2 class=\"wp-block-heading\">\u00c9changes<\/h2>\n\n\n\n<p>Si vous souhaitez \u00e9changer un article (par exemple, pour une taille, une couleur ou un style diff\u00e9rent), la mani\u00e8re la plus rapide de recevoir le produit souhait\u00e9 est de :<\/p>\n\n\n\n<ol start=\"1\" class=\"wp-block-list\">\n<li>Initier un retour pour l'article d'origine en suivant le processus d\u00e9crit ci-dessus.<\/li>\n\n\n\n<li>Passer une nouvelle commande pour l'article de remplacement via notre site web, <strong><a href=\"https:\/\/jumpropewholesale.com\/fr\/\" target=\"_blank\" rel=\"noreferrer noopener\">https:\/\/jumpropewholesale.com\/ <\/a><\/strong>.<\/li>\n<\/ol>\n\n\n\n<p>Une fois que nous aurons re\u00e7u et inspect\u00e9 votre article retourn\u00e9, nous traiterons tout remboursement applicable dans les plus brefs d\u00e9lais.<\/p>\n\n\n\n<h2 class=\"wp-block-heading\">Exp\u00e9dition mondiale et processus de retour<\/h2>\n\n\n\n<p>Nous exp\u00e9dions fi\u00e8rement \u00e0 des clients en <strong>France et dans le monde entier<\/strong>, en utilisant les m\u00e9thodes d'exp\u00e9dition les plus rapides et les plus fiables disponibles pour garantir que votre commande arrive le plus rapidement possible. Si vous avez besoin de retourner un article, veuillez suivre ces \u00e9tapes :<\/p>\n\n\n\n<ol start=\"1\" class=\"wp-block-list\">\n<li>Contactez-nous \u00e0 <strong><a href=\"mailto:plevalofficial@gmail.com\" target=\"_blank\" rel=\"noreferrer noopener\">plevalofficial@gmail.com <\/a><\/strong>pour demander un retour et obtenir votre num\u00e9ro d'autorisation de retour.<\/li>\n\n\n\n<li>Emballez l'article en toute s\u00e9curit\u00e9 dans son emballage d'origine, en incluant toutes les \u00e9tiquettes et accessoires.<\/li>\n\n\n\n<li>Affichez clairement le num\u00e9ro d'autorisation de retour sur l'\u00e9tiquette d'exp\u00e9dition.<\/li>\n\n\n\n<li>Exp\u00e9diez le colis \u00e0 l'adresse fournie dans les instructions de retour. (Notre adresse de retour est : <strong>No. 228 Jingzhilu, district de Fuyang, Hangzhou, Zhejiang, Chine.<\/strong>.)<\/li>\n<\/ol>\n\n\n\n<p><strong>Remarque<\/strong>: Les clients sont responsables des frais de retour, sauf si le retour est d\u00fb \u00e0 un article d\u00e9fectueux, endommag\u00e9 ou incorrect, auquel cas nous couvrirons les frais d'exp\u00e9dition de retour. Nous vous recommandons d'utiliser un service d'exp\u00e9dition avec suivi pour vous assurer que votre retour nous parvient en toute s\u00e9curit\u00e9.<\/p>\n\n\n\n<h2 class=\"wp-block-heading\">Remboursements<\/h2>\n\n\n\n<p>Une fois que nous aurons re\u00e7u et inspect\u00e9 votre article retourn\u00e9, nous vous informerons par e-mail de l'approbation ou du rejet de votre remboursement. S'il est approuv\u00e9, votre remboursement sera trait\u00e9 selon votre mode de paiement d'origine dans un d\u00e9lai de <strong>7 \u00e0 10 jours ouvrables<\/strong>. Veuillez noter qu'il peut falloir plus de temps \u00e0 votre banque ou \u00e0 votre compagnie de carte de cr\u00e9dit pour traiter et afficher le remboursement, en fonction de leurs politiques.<\/p>\n\n\n\n<p>Si votre demande de remboursement est refus\u00e9e (par exemple, en raison de l'utilisation de l'article, de son endommagement ou de son retour en dehors de la p\u00e9riode de retour), nous vous contacterons pour discuter de solutions alternatives ou pour organiser le retour de l'article (\u00e0 vos frais).<\/p>\n\n\n\n<h2 class=\"wp-block-heading\">Retours internationaux<\/h2>\n\n\n\n<p>Pour nos clients internationaux, nous nous effor\u00e7ons de rendre le processus de retour aussi simple que possible. Veuillez noter :<\/p>\n\n\n\n<ul class=\"wp-block-list\">\n<li>Les retours internationaux doivent respecter les m\u00eames crit\u00e8res d'\u00e9ligibilit\u00e9 que ceux d\u00e9crits ci-dessus.<\/li>\n\n\n\n<li>Les clients sont responsables des frais de retour et de tous les droits de douane ou frais applicables, sauf si le retour est d\u00fb \u00e0 notre erreur (par exemple, un article d\u00e9fectueux ou incorrect).<\/li>\n\n\n\n<li>Nous vous recommandons de contacter votre bureau de douane local pour comprendre les frais ou les exigences potentiels pour le retour d'articles en France.<\/li>\n<\/ul>\n\n\n\n<h2 class=\"wp-block-heading\">Contactez-nous<\/h2>\n\n\n\n<p>Si vous avez des questions sur notre politique de remboursement et de retour ou si vous avez besoin d'aide pour un retour, notre \u00e9quipe est l\u00e0 pour vous aider. Vous pouvez nous joindre \u00e0 :<\/p>\n\n\n\n<ul class=\"wp-block-list\">\n<li><strong>E-mail<\/strong>: <a href=\"mailto:plevalofficial@gmail.com\" target=\"_blank\" rel=\"noreferrer noopener\">plevalofficial@gmail.com<\/a><\/li>\n\n\n\n<li><strong>T\u00e9l\u00e9phone<\/strong>: +86 188 5812 6258<\/li>\n\n\n\n<li><strong>Adresse<\/strong>No. 228 Jingzhilu, district de Fuyang, Hangzhou, Zhejiang, Chine.<\/li>\n\n\n\n<li><strong>Site Web<\/strong>: <a href=\"https:\/\/jumpropewholesale.com\/fr\/\" target=\"_blank\" rel=\"noreferrer noopener\">https:\/\/jumpropewholesale.com\/<\/a><\/li>\n<\/ul>\n\n\n\n<p>Nous appr\u00e9cions la confiance que vous accordez \u00e0 JumpRopeWholesale et nous nous engageons \u00e0 ce que votre exp\u00e9rience avec nous soit exceptionnelle. Merci de nous avoir choisis comme votre fournisseur de cordes \u00e0 sauter de confiance.<\/p>","protected":false},"excerpt":{"rendered":"<p>Chez JumpRopeWholesale, nous nous engageons \u00e0 fournir des cordes \u00e0 sauter de haute qualit\u00e9 qui r\u00e9pondent \u00e0 vos attentes en mati\u00e8re de durabilit\u00e9 et de performance. Nous nous effor\u00e7ons [\u2026]<\/p>","protected":false},"author":1,"featured_media":0,"parent":0,"menu_order":0,"comment_status":"closed","ping_status":"closed","template":"","meta":{"site-sidebar-layout":"default","site-content-layout":"","ast-site-content-layout":"default","site-content-style":"default","site-sidebar-style":"default","ast-global-header-display":"","ast-banner-title-visibility":"","ast-main-header-display":"","ast-hfb-above-header-display":"","ast-hfb-below-header-display":"","ast-hfb-mobile-header-display":"","site-post-title":"","ast-breadcrumbs-content":"","ast-featured-img":"","footer-sml-layout":"","ast-disable-related-posts":"","theme-transparent-header-meta":"","adv-header-id-meta":"","stick-header-meta":"","header-above-stick-meta":"","header-main-stick-meta":"","header-below-stick-meta":"","astra-migrate-meta-layouts":"default","ast-page-background-enabled":"default","ast-page-background-meta":{"desktop":{"background-color":"var(--ast-global-color-5)","background-image":"","background-repeat":"repeat","background-position":"center center","background-size":"auto","background-attachment":"scroll","background-type":"","background-media":"","overlay-type":"","overlay-color":"","overlay-opacity":"","overlay-gradient":""},"tablet":{"background-color":"","background-image":"","background-repeat":"repeat","background-position":"center center","background-size":"auto","background-attachment":"scroll","background-type":"","background-media":"","overlay-type":"","overlay-color":"","overlay-opacity":"","overlay-gradient":""},"mobile":{"background-color":"","background-image":"","background-repeat":"repeat","background-position":"center center","background-size":"auto","background-attachment":"scroll","background-type":"","background-media":"","overlay-type":"","overlay-color":"","overlay-opacity":"","overlay-gradient":""}},"ast-content-background-meta":{"desktop":{"background-color":"var(--ast-global-color-4)","background-image":"","background-repeat":"repeat","background-position":"center center","background-size":"auto","background-attachment":"scroll","background-type":"","background-media":"","overlay-type":"","overlay-color":"","overlay-opacity":"","overlay-gradient":""},"tablet":{"background-color":"var(--ast-global-color-4)","background-image":"","background-repeat":"repeat","background-position":"center center","background-size":"auto","background-attachment":"scroll","background-type":"","background-media":"","overlay-type":"","overlay-color":"","overlay-opacity":"","overlay-gradient":""},"mobile":{"background-color":"var(--ast-global-color-4)","background-image":"","background-repeat":"repeat","background-position":"center center","background-size":"auto","background-attachment":"scroll","background-type":"","background-media":"","overlay-type":"","overlay-color":"","overlay-opacity":"","overlay-gradient":""}},"footnotes":""},"class_list":["post-664","page","type-page","status-publish","hentry"],"_links":{"self":[{"href":"https:\/\/jumpropewholesale.com\/fr\/wp-json\/wp\/v2\/pages\/664","targetHints":{"allow":["GET"]}}],"collection":[{"href":"https:\/\/jumpropewholesale.com\/fr\/wp-json\/wp\/v2\/pages"}],"about":[{"href":"https:\/\/jumpropewholesale.com\/fr\/wp-json\/wp\/v2\/types\/page"}],"author":[{"embeddable":true,"href":"https:\/\/jumpropewholesale.com\/fr\/wp-json\/wp\/v2\/users\/1"}],"replies":[{"embeddable":true,"href":"https:\/\/jumpropewholesale.com\/fr\/wp-json\/wp\/v2\/comments?post=664"}],"version-history":[{"count":1,"href":"https:\/\/jumpropewholesale.com\/fr\/wp-json\/wp\/v2\/pages\/664\/revisions"}],"predecessor-version":[{"id":745,"href":"https:\/\/jumpropewholesale.com\/fr\/wp-json\/wp\/v2\/pages\/664\/revisions\/745"}],"wp:attachment":[{"href":"https:\/\/jumpropewholesale.com\/fr\/wp-json\/wp\/v2\/media?parent=664"}],"curies":[{"name":"wp","href":"https:\/\/api.w.org\/{rel}","templated":true}]}}