{"id":15,"date":"2025-03-12T10:08:47","date_gmt":"2025-03-12T10:08:47","guid":{"rendered":"https:\/\/e-multipurpose1.ziptemplates.top\/?page_id=15"},"modified":"2025-08-05T05:50:03","modified_gmt":"2025-08-05T05:50:03","slug":"solutions","status":"publish","type":"page","link":"https:\/\/jumpropewholesale.com\/fr\/solutions\/","title":{"rendered":"Solutions"},"content":{"rendered":"<div data-elementor-type=\"wp-page\" data-elementor-id=\"15\" class=\"elementor elementor-15\">\n\t\t\t\t<div class=\"elementor-element elementor-element-08d2b1d e-flex e-con-boxed e-con e-parent\" data-id=\"08d2b1d\" data-element_type=\"container\" data-e-type=\"container\" data-settings=\"{&quot;background_background&quot;:&quot;classic&quot;}\">\n\t\t\t\t\t<div class=\"e-con-inner\">\n\t\t\t\t<div class=\"elementor-element elementor-element-cb732a3 elementor-widget elementor-widget-heading\" data-id=\"cb732a3\" data-element_type=\"widget\" data-e-type=\"widget\" data-widget_type=\"heading.default\">\n\t\t\t\t<div class=\"elementor-widget-container\">\n\t\t\t\t\t<h1 class=\"elementor-heading-title elementor-size-default\">Solutions de cordes \u00e0 sauter<\/h1>\t\t\t\t<\/div>\n\t\t\t\t<\/div>\n\t\t\t\t\t<\/div>\n\t\t\t\t<\/div>\n\t\t<div class=\"elementor-element elementor-element-1821ff6 e-flex e-con-boxed e-con e-parent\" data-id=\"1821ff6\" data-element_type=\"container\" data-e-type=\"container\" data-settings=\"{&quot;background_background&quot;:&quot;classic&quot;}\">\n\t\t\t\t\t<div class=\"e-con-inner\">\n\t\t\t\t<div class=\"elementor-element elementor-element-63eecf7 elementor-widget elementor-widget-image-box\" data-id=\"63eecf7\" data-element_type=\"widget\" data-e-type=\"widget\" data-widget_type=\"image-box.default\">\n\t\t\t\t<div class=\"elementor-widget-container\">\n\t\t\t\t\t<div class=\"elementor-image-box-wrapper\"><div class=\"elementor-image-box-content\"><h2 class=\"elementor-image-box-title\">Explorez Nos Cordes \u00e0 Sauter de Premi\u00e8re Qualit\u00e9<\/h2><p class=\"elementor-image-box-description\">D\u00e9couvrez nos cordes \u00e0 sauter con\u00e7ues par des experts pour les professionnels du fitness, les \u00e9coles et les marques \u00e0 la recherche de qualit\u00e9 et de personnalisation.<\/p><\/div><\/div>\t\t\t\t<\/div>\n\t\t\t\t<\/div>\n\t\t<div class=\"elementor-element elementor-element-a030e8e e-con-full e-flex e-con e-child\" data-id=\"a030e8e\" data-element_type=\"container\" data-e-type=\"container\">\n\t\t<div class=\"elementor-element elementor-element-caa14c2 e-con-full e-flex e-con e-child\" data-id=\"caa14c2\" data-element_type=\"container\" data-e-type=\"container\">\n\t\t\t\t<div class=\"elementor-element elementor-element-a740759 elementor-widget elementor-widget-image\" data-id=\"a740759\" data-element_type=\"widget\" data-e-type=\"widget\" data-widget_type=\"image.default\">\n\t\t\t\t<div class=\"elementor-widget-container\">\n\t\t\t\t\t\t\t\t\t\t\t\t\t\t\t<img fetchpriority=\"high\" decoding=\"async\" width=\"1741\" height=\"953\" src=\"https:\/\/jumpropewholesale.com\/wp-content\/uploads\/2025\/07\/pvc-jump-rope-02.jpeg\" class=\"attachment-full size-full wp-image-644\" alt=\"corde-\u00e0-sauter-pvc-02\" srcset=\"https:\/\/jumpropewholesale.com\/wp-content\/uploads\/2025\/07\/pvc-jump-rope-02.jpeg 1741w, https:\/\/jumpropewholesale.com\/wp-content\/uploads\/2025\/07\/pvc-jump-rope-02-600x328.jpeg 600w, https:\/\/jumpropewholesale.com\/wp-content\/uploads\/2025\/07\/pvc-jump-rope-02-300x164.jpeg 300w, https:\/\/jumpropewholesale.com\/wp-content\/uploads\/2025\/07\/pvc-jump-rope-02-1024x561.jpeg 1024w, https:\/\/jumpropewholesale.com\/wp-content\/uploads\/2025\/07\/pvc-jump-rope-02-768x420.jpeg 768w, https:\/\/jumpropewholesale.com\/wp-content\/uploads\/2025\/07\/pvc-jump-rope-02-1536x841.jpeg 1536w\" sizes=\"(max-width: 1741px) 100vw, 1741px\" \/>\t\t\t\t\t\t\t\t\t\t\t\t\t\t\t<\/div>\n\t\t\t\t<\/div>\n\t\t\t\t<\/div>\n\t\t<div class=\"elementor-element elementor-element-de69b16 e-con-full e-flex e-con e-child\" data-id=\"de69b16\" data-element_type=\"container\" data-e-type=\"container\">\n\t\t\t\t<div class=\"elementor-element elementor-element-aaf103a elementor-widget elementor-widget-heading\" data-id=\"aaf103a\" data-element_type=\"widget\" data-e-type=\"widget\" data-widget_type=\"heading.default\">\n\t\t\t\t<div class=\"elementor-widget-container\">\n\t\t\t\t\t<p class=\"elementor-heading-title elementor-size-default\">01<\/p>\t\t\t\t<\/div>\n\t\t\t\t<\/div>\n\t\t\t\t<div class=\"elementor-element elementor-element-e828ddf elementor-widget elementor-widget-image-box\" data-id=\"e828ddf\" data-element_type=\"widget\" data-e-type=\"widget\" data-widget_type=\"image-box.default\">\n\t\t\t\t<div class=\"elementor-widget-container\">\n\t\t\t\t\t<div class=\"elementor-image-box-wrapper\"><div class=\"elementor-image-box-content\"><h3 class=\"elementor-image-box-title\">Cordes \u00e0 sauter en PVC<\/h3><p class=\"elementor-image-box-description\">Nos cordes \u00e0 sauter en PVC sont con\u00e7ues pour la vitesse et la durabilit\u00e9, parfaites pour les s\u00e9ances de cardio et l'entra\u00eenement. Fabriqu\u00e9es \u00e0 partir de PVC de haute qualit\u00e9, sans phtalate, elles garantissent une performance fiable \u00e0 chaque saut.<\/p><\/div><\/div>\t\t\t\t<\/div>\n\t\t\t\t<\/div>\n\t\t\t\t<div class=\"elementor-element elementor-element-a2ba344 elementor-align-left elementor-widget elementor-widget-button\" data-id=\"a2ba344\" data-element_type=\"widget\" data-e-type=\"widget\" data-widget_type=\"button.default\">\n\t\t\t\t<div class=\"elementor-widget-container\">\n\t\t\t\t\t\t\t\t\t<div class=\"elementor-button-wrapper\">\n\t\t\t\t\t<a class=\"elementor-button elementor-button-link elementor-size-sm\" href=\"https:\/\/jumpropewholesale.com\/fr\/collections\/skipping-ropes\/\">\n\t\t\t\t\t\t<span class=\"elementor-button-content-wrapper\">\n\t\t\t\t\t\t\t\t\t<span class=\"elementor-button-text\">Commencer<\/span>\n\t\t\t\t\t<\/span>\n\t\t\t\t\t<\/a>\n\t\t\t\t<\/div>\n\t\t\t\t\t\t\t\t<\/div>\n\t\t\t\t<\/div>\n\t\t\t\t<\/div>\n\t\t\t\t<\/div>\n\t\t<div class=\"elementor-element elementor-element-1671a9e e-con-full e-flex e-con e-child\" data-id=\"1671a9e\" data-element_type=\"container\" data-e-type=\"container\">\n\t\t<div class=\"elementor-element elementor-element-9e1cc28 e-con-full e-flex e-con e-child\" data-id=\"9e1cc28\" data-element_type=\"container\" data-e-type=\"container\">\n\t\t\t\t<div class=\"elementor-element elementor-element-98554cc elementor-widget elementor-widget-heading\" data-id=\"98554cc\" data-element_type=\"widget\" data-e-type=\"widget\" data-widget_type=\"heading.default\">\n\t\t\t\t<div class=\"elementor-widget-container\">\n\t\t\t\t\t<p class=\"elementor-heading-title elementor-size-default\">02<\/p>\t\t\t\t<\/div>\n\t\t\t\t<\/div>\n\t\t\t\t<div class=\"elementor-element elementor-element-034eff7 elementor-widget elementor-widget-image-box\" data-id=\"034eff7\" data-element_type=\"widget\" data-e-type=\"widget\" data-widget_type=\"image-box.default\">\n\t\t\t\t<div class=\"elementor-widget-container\">\n\t\t\t\t\t<div class=\"elementor-image-box-wrapper\"><div class=\"elementor-image-box-content\"><h3 class=\"elementor-image-box-title\">Cordages Personnalis\u00e9s<\/h3><p class=\"elementor-image-box-description\">Personnalisez votre propre corde \u00e0 sauter pour qu'elle corresponde \u00e0 votre marque. Choisissez des couleurs, des poign\u00e9es, des logos et des emballages personnalis\u00e9s pour cr\u00e9er un produit distinct qui se d\u00e9marque sur le march\u00e9.<\/p><\/div><\/div>\t\t\t\t<\/div>\n\t\t\t\t<\/div>\n\t\t\t\t<div class=\"elementor-element elementor-element-85047d6 elementor-align-left elementor-widget elementor-widget-button\" data-id=\"85047d6\" data-element_type=\"widget\" data-e-type=\"widget\" data-widget_type=\"button.default\">\n\t\t\t\t<div class=\"elementor-widget-container\">\n\t\t\t\t\t\t\t\t\t<div class=\"elementor-button-wrapper\">\n\t\t\t\t\t<a class=\"elementor-button elementor-button-link elementor-size-sm\" href=\"https:\/\/jumpropewholesale.com\/fr\/collections\/skipping-ropes\/\">\n\t\t\t\t\t\t<span class=\"elementor-button-content-wrapper\">\n\t\t\t\t\t\t\t\t\t<span class=\"elementor-button-text\">Commencer<\/span>\n\t\t\t\t\t<\/span>\n\t\t\t\t\t<\/a>\n\t\t\t\t<\/div>\n\t\t\t\t\t\t\t\t<\/div>\n\t\t\t\t<\/div>\n\t\t\t\t<\/div>\n\t\t<div class=\"elementor-element elementor-element-ba03359 e-con-full e-flex e-con e-child\" data-id=\"ba03359\" data-element_type=\"container\" data-e-type=\"container\">\n\t\t\t\t<div class=\"elementor-element elementor-element-6324539 elementor-widget elementor-widget-image\" data-id=\"6324539\" data-element_type=\"widget\" data-e-type=\"widget\" data-widget_type=\"image.default\">\n\t\t\t\t<div class=\"elementor-widget-container\">\n\t\t\t\t\t\t\t\t\t\t\t\t\t\t\t<img decoding=\"async\" width=\"679\" height=\"802\" src=\"https:\/\/jumpropewholesale.com\/wp-content\/uploads\/2025\/07\/pvc-jump-rope-07.jpg\" class=\"attachment-full size-full wp-image-647\" alt=\"corde-\u00e0-sauter-pvc-07\" srcset=\"https:\/\/jumpropewholesale.com\/wp-content\/uploads\/2025\/07\/pvc-jump-rope-07.jpg 679w, https:\/\/jumpropewholesale.com\/wp-content\/uploads\/2025\/07\/pvc-jump-rope-07-600x709.jpg 600w, https:\/\/jumpropewholesale.com\/wp-content\/uploads\/2025\/07\/pvc-jump-rope-07-254x300.jpg 254w\" sizes=\"(max-width: 679px) 100vw, 679px\" \/>\t\t\t\t\t\t\t\t\t\t\t\t\t\t\t<\/div>\n\t\t\t\t<\/div>\n\t\t\t\t<\/div>\n\t\t\t\t<\/div>\n\t\t<div class=\"elementor-element elementor-element-0140104 e-con-full e-flex e-con e-child\" data-id=\"0140104\" data-element_type=\"container\" data-e-type=\"container\">\n\t\t<div class=\"elementor-element elementor-element-6e4128f e-con-full e-flex e-con e-child\" data-id=\"6e4128f\" data-element_type=\"container\" data-e-type=\"container\">\n\t\t\t\t<div class=\"elementor-element elementor-element-fc9cd32 elementor-widget elementor-widget-image\" data-id=\"fc9cd32\" data-element_type=\"widget\" data-e-type=\"widget\" data-widget_type=\"image.default\">\n\t\t\t\t<div class=\"elementor-widget-container\">\n\t\t\t\t\t\t\t\t\t\t\t\t\t\t\t<img decoding=\"async\" width=\"1280\" height=\"853\" src=\"https:\/\/jumpropewholesale.com\/wp-content\/uploads\/2025\/07\/black-skip-rope-45056.jpeg\" class=\"attachment-full size-full wp-image-649\" alt=\"Un gros plan minimaliste d&#039;une corde \u00e0 sauter d&#039;exercice noire et orange sur un fond blanc \u00e9pur\u00e9.\" srcset=\"https:\/\/jumpropewholesale.com\/wp-content\/uploads\/2025\/07\/black-skip-rope-45056.jpeg 1280w, https:\/\/jumpropewholesale.com\/wp-content\/uploads\/2025\/07\/black-skip-rope-45056-600x400.jpeg 600w, https:\/\/jumpropewholesale.com\/wp-content\/uploads\/2025\/07\/black-skip-rope-45056-300x200.jpeg 300w, https:\/\/jumpropewholesale.com\/wp-content\/uploads\/2025\/07\/black-skip-rope-45056-1024x682.jpeg 1024w, https:\/\/jumpropewholesale.com\/wp-content\/uploads\/2025\/07\/black-skip-rope-45056-768x512.jpeg 768w\" sizes=\"(max-width: 1280px) 100vw, 1280px\" \/>\t\t\t\t\t\t\t\t\t\t\t\t\t\t\t<\/div>\n\t\t\t\t<\/div>\n\t\t\t\t<\/div>\n\t\t<div class=\"elementor-element elementor-element-60a31fe e-con-full e-flex e-con e-child\" data-id=\"60a31fe\" data-element_type=\"container\" data-e-type=\"container\">\n\t\t\t\t<div class=\"elementor-element elementor-element-3051a15 elementor-widget elementor-widget-heading\" data-id=\"3051a15\" data-element_type=\"widget\" data-e-type=\"widget\" data-widget_type=\"heading.default\">\n\t\t\t\t<div class=\"elementor-widget-container\">\n\t\t\t\t\t<p class=\"elementor-heading-title elementor-size-default\">03<\/p>\t\t\t\t<\/div>\n\t\t\t\t<\/div>\n\t\t\t\t<div class=\"elementor-element elementor-element-e6fd734 elementor-widget elementor-widget-image-box\" data-id=\"e6fd734\" data-element_type=\"widget\" data-e-type=\"widget\" data-widget_type=\"image-box.default\">\n\t\t\t\t<div class=\"elementor-widget-container\">\n\t\t\t\t\t<div class=\"elementor-image-box-wrapper\"><div class=\"elementor-image-box-content\"><h3 class=\"elementor-image-box-title\">Cordes de perles<\/h3><p class=\"elementor-image-box-description\">Nos cordes \u00e0 sauter perl\u00e9es sont id\u00e9ales pour les activit\u00e9s de freestyle et de rythme, offrant une exp\u00e9rience unique aux utilisateurs de tous \u00e2ges. Leur conception assure une excellente durabilit\u00e9 et un mouvement fluide pendant l'utilisation.<\/p><\/div><\/div>\t\t\t\t<\/div>\n\t\t\t\t<\/div>\n\t\t\t\t<div class=\"elementor-element elementor-element-a855aac elementor-align-left elementor-widget elementor-widget-button\" data-id=\"a855aac\" data-element_type=\"widget\" data-e-type=\"widget\" data-widget_type=\"button.default\">\n\t\t\t\t<div class=\"elementor-widget-container\">\n\t\t\t\t\t\t\t\t\t<div class=\"elementor-button-wrapper\">\n\t\t\t\t\t<a class=\"elementor-button elementor-button-link elementor-size-sm\" href=\"https:\/\/jumpropewholesale.com\/fr\/collections\/skipping-ropes\/\">\n\t\t\t\t\t\t<span class=\"elementor-button-content-wrapper\">\n\t\t\t\t\t\t\t\t\t<span class=\"elementor-button-text\">Commencer<\/span>\n\t\t\t\t\t<\/span>\n\t\t\t\t\t<\/a>\n\t\t\t\t<\/div>\n\t\t\t\t\t\t\t\t<\/div>\n\t\t\t\t<\/div>\n\t\t\t\t<\/div>\n\t\t\t\t<\/div>\n\t\t\t\t\t<\/div>\n\t\t\t\t<\/div>\n\t\t<div class=\"elementor-element elementor-element-adb960c e-flex e-con-boxed e-con e-parent\" data-id=\"adb960c\" data-element_type=\"container\" data-e-type=\"container\" data-settings=\"{&quot;background_background&quot;:&quot;classic&quot;}\">\n\t\t\t\t\t<div class=\"e-con-inner\">\n\t\t\t\t<div class=\"elementor-element elementor-element-73e4656 elementor-widget elementor-widget-testimonial\" data-id=\"73e4656\" data-element_type=\"widget\" data-e-type=\"widget\" data-widget_type=\"testimonial.default\">\n\t\t\t\t<div class=\"elementor-widget-container\">\n\t\t\t\t\t\t\t<div class=\"elementor-testimonial-wrapper\">\n\t\t\t\t\t\t\t<div class=\"elementor-testimonial-content\">JumpRopeWholesale a transform\u00e9 nos s\u00e9ances de gym ! La qualit\u00e9 et les options de personnalisation sont in\u00e9gal\u00e9es. Nos membres les adorent !<\/div>\n\t\t\t\n\t\t\t\t\t\t<div class=\"elementor-testimonial-meta elementor-has-image elementor-testimonial-image-position-top\">\n\t\t\t\t<div class=\"elementor-testimonial-meta-inner\">\n\t\t\t\t\t\t\t\t\t\t\t<div class=\"elementor-testimonial-image\">\n\t\t\t\t\t\t\t<img loading=\"lazy\" decoding=\"async\" width=\"150\" height=\"150\" src=\"https:\/\/jumpropewholesale.com\/wp-content\/uploads\/2025\/03\/testimonial-skip-02.jpeg\" class=\"attachment-full size-full wp-image-251\" alt=\"\" srcset=\"https:\/\/jumpropewholesale.com\/wp-content\/uploads\/2025\/03\/testimonial-skip-02.jpeg 150w, https:\/\/jumpropewholesale.com\/wp-content\/uploads\/2025\/03\/testimonial-skip-02-100x100.jpeg 100w\" sizes=\"(max-width: 150px) 100vw, 150px\" \/>\t\t\t\t\t\t<\/div>\n\t\t\t\t\t\n\t\t\t\t\t\t\t\t\t\t<div class=\"elementor-testimonial-details\">\n\t\t\t\t\t\t\t\t\t\t\t\t\t\t<div class=\"elementor-testimonial-name\">Lisa Chang<\/div>\n\t\t\t\t\t\t\t\t\t\t\t\t\t\t\t\t\t\t\t<\/div>\n\t\t\t\t\t\t\t\t\t<\/div>\n\t\t\t<\/div>\n\t\t\t\t\t<\/div>\n\t\t\t\t\t\t<\/div>\n\t\t\t\t<\/div>\n\t\t\t\t\t<\/div>\n\t\t\t\t<\/div>\n\t\t<div class=\"elementor-element elementor-element-e7a6a7a e-flex e-con-boxed e-con e-parent\" data-id=\"e7a6a7a\" data-element_type=\"container\" data-e-type=\"container\" data-settings=\"{&quot;background_background&quot;:&quot;classic&quot;}\">\n\t\t\t\t\t<div class=\"e-con-inner\">\n\t\t\t\t<div class=\"elementor-element elementor-element-dec54f0 elementor-widget elementor-widget-image-box\" data-id=\"dec54f0\" data-element_type=\"widget\" data-e-type=\"widget\" data-widget_type=\"image-box.default\">\n\t\t\t\t<div class=\"elementor-widget-container\">\n\t\t\t\t\t<div class=\"elementor-image-box-wrapper\"><div class=\"elementor-image-box-content\"><h2 class=\"elementor-image-box-title\">Qualit\u00e9 in\u00e9gal\u00e9e et options de personnalisation<\/h2><p class=\"elementor-image-box-description\">Profitez de prix directs d'usine et de faibles quantit\u00e9s minimales de commande, garantissant des produits de haute qualit\u00e9 adapt\u00e9s \u00e0 vos besoins op\u00e9rationnels.<\/p><\/div><\/div>\t\t\t\t<\/div>\n\t\t\t\t<\/div>\n\t\t<div class=\"elementor-element elementor-element-3c9b079 e-con-full e-flex e-con e-child\" data-id=\"3c9b079\" data-element_type=\"container\" data-e-type=\"container\">\n\t\t<div class=\"elementor-element elementor-element-7789b9e e-con-full e-flex e-con e-child\" data-id=\"7789b9e\" data-element_type=\"container\" data-e-type=\"container\">\n\t\t\t\t<div class=\"elementor-element elementor-element-254380d elementor-widget elementor-widget-image\" data-id=\"254380d\" data-element_type=\"widget\" data-e-type=\"widget\" data-widget_type=\"image.default\">\n\t\t\t\t<div class=\"elementor-widget-container\">\n\t\t\t\t\t\t\t\t\t\t\t\t\t\t\t<img loading=\"lazy\" decoding=\"async\" width=\"800\" height=\"800\" src=\"https:\/\/jumpropewholesale.com\/wp-content\/uploads\/2025\/07\/pvc-jump-rope-11.png\" class=\"attachment-full size-full wp-image-641\" alt=\"corde-\u00e0-sauter-pvc-11\" srcset=\"https:\/\/jumpropewholesale.com\/wp-content\/uploads\/2025\/07\/pvc-jump-rope-11.png 800w, https:\/\/jumpropewholesale.com\/wp-content\/uploads\/2025\/07\/pvc-jump-rope-11-300x300.png 300w, https:\/\/jumpropewholesale.com\/wp-content\/uploads\/2025\/07\/pvc-jump-rope-11-100x100.png 100w, https:\/\/jumpropewholesale.com\/wp-content\/uploads\/2025\/07\/pvc-jump-rope-11-600x600.png 600w, https:\/\/jumpropewholesale.com\/wp-content\/uploads\/2025\/07\/pvc-jump-rope-11-150x150.png 150w, https:\/\/jumpropewholesale.com\/wp-content\/uploads\/2025\/07\/pvc-jump-rope-11-768x768.png 768w\" sizes=\"(max-width: 800px) 100vw, 800px\" \/>\t\t\t\t\t\t\t\t\t\t\t\t\t\t\t<\/div>\n\t\t\t\t<\/div>\n\t\t\t\t<div class=\"elementor-element elementor-element-5689fc1 elementor-widget elementor-widget-image-box\" data-id=\"5689fc1\" data-element_type=\"widget\" data-e-type=\"widget\" data-widget_type=\"image-box.default\">\n\t\t\t\t<div class=\"elementor-widget-container\">\n\t\t\t\t\t<div class=\"elementor-image-box-wrapper\"><div class=\"elementor-image-box-content\"><h3 class=\"elementor-image-box-title\">Prix directs d'usine<\/h3><p class=\"elementor-image-box-description\">B\u00e9n\u00e9ficiez de prix comp\u00e9titifs sur tous nos produits en achetant directement aupr\u00e8s du fabricant. Pas d'interm\u00e9diaires, juste une grande valeur pour votre investissement.<\/p><\/div><\/div>\t\t\t\t<\/div>\n\t\t\t\t<\/div>\n\t\t\t\t<\/div>\n\t\t<div class=\"elementor-element elementor-element-9c4358c e-con-full e-flex e-con e-child\" data-id=\"9c4358c\" data-element_type=\"container\" data-e-type=\"container\">\n\t\t\t\t<div class=\"elementor-element elementor-element-395caf4 elementor-widget elementor-widget-image\" data-id=\"395caf4\" data-element_type=\"widget\" data-e-type=\"widget\" data-widget_type=\"image.default\">\n\t\t\t\t<div class=\"elementor-widget-container\">\n\t\t\t\t\t\t\t\t\t\t\t\t\t\t\t<img loading=\"lazy\" decoding=\"async\" width=\"1707\" height=\"1280\" src=\"https:\/\/jumpropewholesale.com\/wp-content\/uploads\/2025\/07\/pvc-jump-rope-10.jpg\" class=\"attachment-full size-full wp-image-639\" alt=\"corde \u00e0 sauter en pvc-10\" srcset=\"https:\/\/jumpropewholesale.com\/wp-content\/uploads\/2025\/07\/pvc-jump-rope-10.jpg 1707w, https:\/\/jumpropewholesale.com\/wp-content\/uploads\/2025\/07\/pvc-jump-rope-10-600x450.jpg 600w, https:\/\/jumpropewholesale.com\/wp-content\/uploads\/2025\/07\/pvc-jump-rope-10-300x225.jpg 300w, https:\/\/jumpropewholesale.com\/wp-content\/uploads\/2025\/07\/pvc-jump-rope-10-1024x768.jpg 1024w, https:\/\/jumpropewholesale.com\/wp-content\/uploads\/2025\/07\/pvc-jump-rope-10-768x576.jpg 768w, https:\/\/jumpropewholesale.com\/wp-content\/uploads\/2025\/07\/pvc-jump-rope-10-1536x1152.jpg 1536w\" sizes=\"(max-width: 1707px) 100vw, 1707px\" \/>\t\t\t\t\t\t\t\t\t\t\t\t\t\t\t<\/div>\n\t\t\t\t<\/div>\n\t\t\t\t<div class=\"elementor-element elementor-element-8637059 elementor-widget elementor-widget-image-box\" data-id=\"8637059\" data-element_type=\"widget\" data-e-type=\"widget\" data-widget_type=\"image-box.default\">\n\t\t\t\t<div class=\"elementor-widget-container\">\n\t\t\t\t\t<div class=\"elementor-image-box-wrapper\"><div class=\"elementor-image-box-content\"><h3 class=\"elementor-image-box-title\">Exp\u00e9dition rapide vers la France<\/h3><p class=\"elementor-image-box-description\">Faites livrer vos commandes rapidement et de mani\u00e8re fiable vers n'importe quelle destination en France. Nous priorisons une production rapide et une logistique efficace pour votre commodit\u00e9.<\/p><\/div><\/div>\t\t\t\t<\/div>\n\t\t\t\t<\/div>\n\t\t\t\t<\/div>\n\t\t\t\t<\/div>\n\t\t\t\t\t<\/div>\n\t\t\t\t<\/div>\n\t\t<div class=\"elementor-element elementor-element-3586991 e-flex e-con-boxed e-con e-parent\" data-id=\"3586991\" data-element_type=\"container\" data-e-type=\"container\" data-settings=\"{&quot;background_background&quot;:&quot;classic&quot;}\">\n\t\t\t\t\t<div class=\"e-con-inner\">\n\t\t\t\t<div class=\"elementor-element elementor-element-fab137f elementor-widget elementor-widget-image-box\" data-id=\"fab137f\" data-element_type=\"widget\" data-e-type=\"widget\" data-widget_type=\"image-box.default\">\n\t\t\t\t<div class=\"elementor-widget-container\">\n\t\t\t\t\t<div class=\"elementor-image-box-wrapper\"><div class=\"elementor-image-box-content\"><h2 class=\"elementor-image-box-title\">Commencez votre commande personnalis\u00e9e aujourd'hui<\/h2><p class=\"elementor-image-box-description\">Pr\u00eat \u00e0 cr\u00e9er votre corde \u00e0 sauter parfaite ? Contactez-nous d\u00e8s maintenant et donnons vie \u00e0 vos id\u00e9es !<\/p><\/div><\/div>\t\t\t\t<\/div>\n\t\t\t\t<\/div>\n\t\t\t\t<div class=\"elementor-element elementor-element-7d5a716 elementor-align-center elementor-widget elementor-widget-button\" data-id=\"7d5a716\" data-element_type=\"widget\" data-e-type=\"widget\" data-widget_type=\"button.default\">\n\t\t\t\t<div class=\"elementor-widget-container\">\n\t\t\t\t\t\t\t\t\t<div class=\"elementor-button-wrapper\">\n\t\t\t\t\t<a class=\"elementor-button elementor-button-link elementor-size-sm\" href=\"https:\/\/jumpropewholesale.com\/fr\/contact\/\">\n\t\t\t\t\t\t<span class=\"elementor-button-content-wrapper\">\n\t\t\t\t\t\t\t\t\t<span class=\"elementor-button-text\">Obtenir un devis gratuit<\/span>\n\t\t\t\t\t<\/span>\n\t\t\t\t\t<\/a>\n\t\t\t\t<\/div>\n\t\t\t\t\t\t\t\t<\/div>\n\t\t\t\t<\/div>\n\t\t\t\t\t<\/div>\n\t\t\t\t<\/div>\n\t\t\t\t<\/div>","protected":false},"excerpt":{"rendered":"<p>Solutions de cordes \u00e0 sauter D\u00e9couvrez nos cordes \u00e0 sauter haut de gamme, con\u00e7ues par des experts pour les professionnels du fitness, les \u00e9coles et [\u2026]<\/p>","protected":false},"author":2,"featured_media":0,"parent":0,"menu_order":0,"comment_status":"closed","ping_status":"closed","template":"","meta":{"site-sidebar-layout":"no-sidebar","site-content-layout":"","ast-site-content-layout":"full-width-container","site-content-style":"default","site-sidebar-style":"default","ast-global-header-display":"","ast-banner-title-visibility":"","ast-main-header-display":"","ast-hfb-above-header-display":"","ast-hfb-below-header-display":"","ast-hfb-mobile-header-display":"","site-post-title":"disabled","ast-breadcrumbs-content":"","ast-featured-img":"disabled","footer-sml-layout":"","ast-disable-related-posts":"","theme-transparent-header-meta":"","adv-header-id-meta":"","stick-header-meta":"","header-above-stick-meta":"","header-main-stick-meta":"","header-below-stick-meta":"","astra-migrate-meta-layouts":"default","ast-page-background-enabled":"default","ast-page-background-meta":{"desktop":{"background-color":"var(--ast-global-color-5)","background-image":"","background-repeat":"repeat","background-position":"center center","background-size":"auto","background-attachment":"scroll","background-type":"","background-media":"","overlay-type":"","overlay-color":"","overlay-opacity":"","overlay-gradient":""},"tablet":{"background-color":"","background-image":"","background-repeat":"repeat","background-position":"center center","background-size":"auto","background-attachment":"scroll","background-type":"","background-media":"","overlay-type":"","overlay-color":"","overlay-opacity":"","overlay-gradient":""},"mobile":{"background-color":"","background-image":"","background-repeat":"repeat","background-position":"center center","background-size":"auto","background-attachment":"scroll","background-type":"","background-media":"","overlay-type":"","overlay-color":"","overlay-opacity":"","overlay-gradient":""}},"ast-content-background-meta":{"desktop":{"background-color":"var(--ast-global-color-4)","background-image":"","background-repeat":"repeat","background-position":"center center","background-size":"auto","background-attachment":"scroll","background-type":"","background-media":"","overlay-type":"","overlay-color":"","overlay-opacity":"","overlay-gradient":""},"tablet":{"background-color":"var(--ast-global-color-4)","background-image":"","background-repeat":"repeat","background-position":"center center","background-size":"auto","background-attachment":"scroll","background-type":"","background-media":"","overlay-type":"","overlay-color":"","overlay-opacity":"","overlay-gradient":""},"mobile":{"background-color":"var(--ast-global-color-4)","background-image":"","background-repeat":"repeat","background-position":"center center","background-size":"auto","background-attachment":"scroll","background-type":"","background-media":"","overlay-type":"","overlay-color":"","overlay-opacity":"","overlay-gradient":""}},"footnotes":""},"class_list":["post-15","page","type-page","status-publish","hentry"],"_links":{"self":[{"href":"https:\/\/jumpropewholesale.com\/fr\/wp-json\/wp\/v2\/pages\/15","targetHints":{"allow":["GET"]}}],"collection":[{"href":"https:\/\/jumpropewholesale.com\/fr\/wp-json\/wp\/v2\/pages"}],"about":[{"href":"https:\/\/jumpropewholesale.com\/fr\/wp-json\/wp\/v2\/types\/page"}],"author":[{"embeddable":true,"href":"https:\/\/jumpropewholesale.com\/fr\/wp-json\/wp\/v2\/users\/2"}],"replies":[{"embeddable":true,"href":"https:\/\/jumpropewholesale.com\/fr\/wp-json\/wp\/v2\/comments?post=15"}],"version-history":[{"count":7,"href":"https:\/\/jumpropewholesale.com\/fr\/wp-json\/wp\/v2\/pages\/15\/revisions"}],"predecessor-version":[{"id":1170,"href":"https:\/\/jumpropewholesale.com\/fr\/wp-json\/wp\/v2\/pages\/15\/revisions\/1170"}],"wp:attachment":[{"href":"https:\/\/jumpropewholesale.com\/fr\/wp-json\/wp\/v2\/media?parent=15"}],"curies":[{"name":"wp","href":"https:\/\/api.w.org\/{rel}","templated":true}]}}